{"id":9274,"date":"2021-09-21T19:28:15","date_gmt":"2021-09-21T17:28:15","guid":{"rendered":"https:\/\/www.anopri.com\/?post_type=product&#038;p=9274"},"modified":"2025-01-29T14:07:31","modified_gmt":"2025-01-29T13:07:31","slug":"home-cinema-lg-lhd655bt-1000w","status":"publish","type":"product","link":"https:\/\/www.anopri.com\/?product=home-cinema-lg-lhd655bt-1000w","title":{"rendered":"HOME CINEMA-LG LHD655BT-1000W"},"content":{"rendered":"<ul>\n<li>Marque: LG<\/li>\n<li>Type de produit: Home cinema<\/li>\n<li>R\u00e9f\u00e9rence: LHD655BT<\/li>\n<li>Puissance: 1000W<\/li>\n<li>Centre: 167W<\/li>\n<li>CH: 5.1<\/li>\n<li>Dolby Digigtal: Oui<\/li>\n<li>MPEG 1\/2 L2: Oui<\/li>\n<li>Balise MP3 \/ ID3: Oui\/Oui<\/li>\n<li>WMA: Oui<\/li>\n<li>Bluetooth (Rx \/ Tx): Oui<\/li>\n<li>Enregistrement direct USB: Oui<\/li>\n<li>Sortie HDMI: Oui<\/li>\n<li>Volume \u00e0 la t\u00e9l\u00e9: Oui<\/li>\n<li>Arr\u00eat automatique: Oui<\/li>\n<\/ul>\n","protected":false},"excerpt":{"rendered":"<p><strong>Votre qualit\u00e9 d\u2019\u00e9coute ne sera plus la m\u00eame. Regardez votre film pr\u00e9f\u00e9r\u00e9 ou \u00e9coutez des pistes en streaming via Bluetooth\u00ae, vous pouvez vous attendre \u00e0 une exp\u00e9rience de son sur round totalement immersive avec le LG &#8211; home cin\u00e9ma. Dot\u00e9 de 5.1 canaux, d\u2019une puissance de sortie totale de 300 W et d\u2019un amplificateur num\u00e9rique S-Master, ce syst\u00e8me Home Cin\u00e9ma comblera toutes les pi\u00e8ces avec une qualit\u00e9 audio exceptionnelle.<\/strong><\/p>\n","protected":false},"featured_media":13095,"comment_status":"closed","ping_status":"closed","template":"","meta":{"_monsterinsights_skip_tracking":false,"_monsterinsights_sitenote_active":false,"_monsterinsights_sitenote_note":"","_monsterinsights_sitenote_category":0,"_bst_post_transparent":"","_bst_post_title":"","_bst_post_layout":"","_bst_post_sidebar_id":"","_bst_post_content_style":"","_bst_post_vertical_padding":"","_bst_post_feature":"","_bst_post_feature_position":"","_bst_post_header":false,"_bst_post_footer":false},"product_brand":[],"product_cat":[129,124,128,16],"product_tag":[],"product_brands":[],"class_list":{"0":"post-9274","1":"product","2":"type-product","3":"status-publish","4":"has-post-thumbnail","6":"product_cat-audio-hifi","7":"product_cat-electronique","8":"product_cat-home-cinema","9":"product_cat-produits-du-moment","11":"first","12":"instock","13":"sale","14":"shipping-taxable","15":"purchasable","16":"product-type-simple","17":"entry","18":"content-bg","19":"loop-entry"},"yoast_head":"<!-- This site is optimized with the Yoast SEO Premium plugin v19.7 (Yoast SEO v19.14) - https:\/\/yoast.com\/wordpress\/plugins\/seo\/ -->\n<title>HOME CINEMA-LG LHD655BT-1000W - Anopri<\/title>\n<meta name=\"robots\" content=\"index, follow, max-snippet:-1, max-image-preview:large, max-video-preview:-1\" \/>\n<link rel=\"canonical\" href=\"https:\/\/www.anopri.com\/?product=home-cinema-lg-lhd655bt-1000w\" \/>\n<meta property=\"og:locale\" content=\"fr_FR\" \/>\n<meta property=\"og:type\" content=\"article\" \/>\n<meta property=\"og:title\" content=\"HOME CINEMA-LG LHD655BT-1000W\" \/>\n<meta property=\"og:description\" content=\"Votre qualit\u00e9 d\u2019\u00e9coute ne sera plus la m\u00eame. Regardez votre film pr\u00e9f\u00e9r\u00e9 ou \u00e9coutez des pistes en streaming via Bluetooth\u00ae, vous pouvez vous attendre \u00e0 une exp\u00e9rience de son sur round totalement immersive avec le LG - home cin\u00e9ma. Dot\u00e9 de 5.1 canaux, d\u2019une puissance de sortie totale de 300 W et d\u2019un amplificateur num\u00e9rique S-Master, ce syst\u00e8me Home Cin\u00e9ma comblera toutes les pi\u00e8ces avec une qualit\u00e9 audio exceptionnelle.\" \/>\n<meta property=\"og:url\" content=\"https:\/\/www.anopri.com\/?product=home-cinema-lg-lhd655bt-1000w\" \/>\n<meta property=\"og:site_name\" content=\"Anopri\" \/>\n<meta property=\"article:publisher\" content=\"https:\/\/web.facebook.com\/profile.php?id=100080248592655\" \/>\n<meta property=\"article:modified_time\" content=\"2025-01-29T13:07:31+00:00\" \/>\n<meta property=\"og:image\" content=\"https:\/\/www.anopri.com\/wp-content\/uploads\/2021\/09\/WhatsApp-Image-2021-04-24-at-7.24.54-AM-2.webp\" \/>\n\t<meta property=\"og:image:width\" content=\"500\" \/>\n\t<meta property=\"og:image:height\" content=\"500\" \/>\n\t<meta property=\"og:image:type\" content=\"image\/webp\" \/>\n<meta name=\"twitter:card\" content=\"summary_large_image\" \/>\n<script type=\"application\/ld+json\" class=\"yoast-schema-graph\">{\"@context\":\"https:\/\/schema.org\",\"@graph\":[{\"@type\":\"WebPage\",\"@id\":\"https:\/\/www.anopri.com\/?product=home-cinema-lg-lhd655bt-1000w\",\"url\":\"https:\/\/www.anopri.com\/?product=home-cinema-lg-lhd655bt-1000w\",\"name\":\"HOME CINEMA-LG LHD655BT-1000W - Anopri\",\"isPartOf\":{\"@id\":\"https:\/\/www.anopri.com\/#website\"},\"datePublished\":\"2021-09-21T17:28:15+00:00\",\"dateModified\":\"2025-01-29T13:07:31+00:00\",\"breadcrumb\":{\"@id\":\"https:\/\/www.anopri.com\/?product=home-cinema-lg-lhd655bt-1000w#breadcrumb\"},\"inLanguage\":\"fr-FR\",\"potentialAction\":[{\"@type\":\"ReadAction\",\"target\":[\"https:\/\/www.anopri.com\/?product=home-cinema-lg-lhd655bt-1000w\"]}]},{\"@type\":\"BreadcrumbList\",\"@id\":\"https:\/\/www.anopri.com\/?product=home-cinema-lg-lhd655bt-1000w#breadcrumb\",\"itemListElement\":[{\"@type\":\"ListItem\",\"position\":1,\"name\":\"Home\",\"item\":\"https:\/\/www.anopri.com\/\"},{\"@type\":\"ListItem\",\"position\":2,\"name\":\"Shop\",\"item\":\"https:\/\/www.anopri.com\/?page_id=9\"},{\"@type\":\"ListItem\",\"position\":3,\"name\":\"HOME CINEMA-LG LHD655BT-1000W\"}]},{\"@type\":\"WebSite\",\"@id\":\"https:\/\/www.anopri.com\/#website\",\"url\":\"https:\/\/www.anopri.com\/\",\"name\":\"Anopri\",\"description\":\"Le num\u00e9ro 1 du E-commerce au Cameroun\",\"publisher\":{\"@id\":\"https:\/\/www.anopri.com\/#organization\"},\"potentialAction\":[{\"@type\":\"SearchAction\",\"target\":{\"@type\":\"EntryPoint\",\"urlTemplate\":\"https:\/\/www.anopri.com\/?s={search_term_string}\"},\"query-input\":\"required name=search_term_string\"}],\"inLanguage\":\"fr-FR\"},{\"@type\":\"Organization\",\"@id\":\"https:\/\/www.anopri.com\/#organization\",\"name\":\"Anopri\",\"url\":\"https:\/\/www.anopri.com\/\",\"logo\":{\"@type\":\"ImageObject\",\"inLanguage\":\"fr-FR\",\"@id\":\"https:\/\/www.anopri.com\/#\/schema\/logo\/image\/\",\"url\":\"https:\/\/www.anopri.com\/wp-content\/uploads\/2021\/12\/logo_anopris-removebg-preview-pihrepl4a7wbf4ckedruxkg3fixsgydq3o170682d0.png\",\"contentUrl\":\"https:\/\/www.anopri.com\/wp-content\/uploads\/2021\/12\/logo_anopris-removebg-preview-pihrepl4a7wbf4ckedruxkg3fixsgydq3o170682d0.png\",\"width\":136,\"height\":50,\"caption\":\"Anopri\"},\"image\":{\"@id\":\"https:\/\/www.anopri.com\/#\/schema\/logo\/image\/\"},\"sameAs\":[\"https:\/\/web.facebook.com\/profile.php?id=100080248592655\"]}]}<\/script>\n<!-- \/ Yoast SEO Premium plugin. -->","yoast_head_json":{"title":"HOME CINEMA-LG LHD655BT-1000W - Anopri","robots":{"index":"index","follow":"follow","max-snippet":"max-snippet:-1","max-image-preview":"max-image-preview:large","max-video-preview":"max-video-preview:-1"},"canonical":"https:\/\/www.anopri.com\/?product=home-cinema-lg-lhd655bt-1000w","og_locale":"fr_FR","og_type":"article","og_title":"HOME CINEMA-LG LHD655BT-1000W","og_description":"Votre qualit\u00e9 d\u2019\u00e9coute ne sera plus la m\u00eame. Regardez votre film pr\u00e9f\u00e9r\u00e9 ou \u00e9coutez des pistes en streaming via Bluetooth\u00ae, vous pouvez vous attendre \u00e0 une exp\u00e9rience de son sur round totalement immersive avec le LG - home cin\u00e9ma. Dot\u00e9 de 5.1 canaux, d\u2019une puissance de sortie totale de 300 W et d\u2019un amplificateur num\u00e9rique S-Master, ce syst\u00e8me Home Cin\u00e9ma comblera toutes les pi\u00e8ces avec une qualit\u00e9 audio exceptionnelle.","og_url":"https:\/\/www.anopri.com\/?product=home-cinema-lg-lhd655bt-1000w","og_site_name":"Anopri","article_publisher":"https:\/\/web.facebook.com\/profile.php?id=100080248592655","article_modified_time":"2025-01-29T13:07:31+00:00","og_image":[{"width":500,"height":500,"url":"https:\/\/www.anopri.com\/wp-content\/uploads\/2021\/09\/WhatsApp-Image-2021-04-24-at-7.24.54-AM-2.webp","type":"image\/webp"}],"twitter_card":"summary_large_image","schema":{"@context":"https:\/\/schema.org","@graph":[{"@type":"WebPage","@id":"https:\/\/www.anopri.com\/?product=home-cinema-lg-lhd655bt-1000w","url":"https:\/\/www.anopri.com\/?product=home-cinema-lg-lhd655bt-1000w","name":"HOME CINEMA-LG LHD655BT-1000W - Anopri","isPartOf":{"@id":"https:\/\/www.anopri.com\/#website"},"datePublished":"2021-09-21T17:28:15+00:00","dateModified":"2025-01-29T13:07:31+00:00","breadcrumb":{"@id":"https:\/\/www.anopri.com\/?product=home-cinema-lg-lhd655bt-1000w#breadcrumb"},"inLanguage":"fr-FR","potentialAction":[{"@type":"ReadAction","target":["https:\/\/www.anopri.com\/?product=home-cinema-lg-lhd655bt-1000w"]}]},{"@type":"BreadcrumbList","@id":"https:\/\/www.anopri.com\/?product=home-cinema-lg-lhd655bt-1000w#breadcrumb","itemListElement":[{"@type":"ListItem","position":1,"name":"Home","item":"https:\/\/www.anopri.com\/"},{"@type":"ListItem","position":2,"name":"Shop","item":"https:\/\/www.anopri.com\/?page_id=9"},{"@type":"ListItem","position":3,"name":"HOME CINEMA-LG LHD655BT-1000W"}]},{"@type":"WebSite","@id":"https:\/\/www.anopri.com\/#website","url":"https:\/\/www.anopri.com\/","name":"Anopri","description":"Le num\u00e9ro 1 du E-commerce au Cameroun","publisher":{"@id":"https:\/\/www.anopri.com\/#organization"},"potentialAction":[{"@type":"SearchAction","target":{"@type":"EntryPoint","urlTemplate":"https:\/\/www.anopri.com\/?s={search_term_string}"},"query-input":"required name=search_term_string"}],"inLanguage":"fr-FR"},{"@type":"Organization","@id":"https:\/\/www.anopri.com\/#organization","name":"Anopri","url":"https:\/\/www.anopri.com\/","logo":{"@type":"ImageObject","inLanguage":"fr-FR","@id":"https:\/\/www.anopri.com\/#\/schema\/logo\/image\/","url":"https:\/\/www.anopri.com\/wp-content\/uploads\/2021\/12\/logo_anopris-removebg-preview-pihrepl4a7wbf4ckedruxkg3fixsgydq3o170682d0.png","contentUrl":"https:\/\/www.anopri.com\/wp-content\/uploads\/2021\/12\/logo_anopris-removebg-preview-pihrepl4a7wbf4ckedruxkg3fixsgydq3o170682d0.png","width":136,"height":50,"caption":"Anopri"},"image":{"@id":"https:\/\/www.anopri.com\/#\/schema\/logo\/image\/"},"sameAs":["https:\/\/web.facebook.com\/profile.php?id=100080248592655"]}]}},"_links":{"self":[{"href":"https:\/\/www.anopri.com\/index.php?rest_route=\/wp\/v2\/product\/9274","targetHints":{"allow":["GET"]}}],"collection":[{"href":"https:\/\/www.anopri.com\/index.php?rest_route=\/wp\/v2\/product"}],"about":[{"href":"https:\/\/www.anopri.com\/index.php?rest_route=\/wp\/v2\/types\/product"}],"replies":[{"embeddable":true,"href":"https:\/\/www.anopri.com\/index.php?rest_route=%2Fwp%2Fv2%2Fcomments&post=9274"}],"version-history":[{"count":1,"href":"https:\/\/www.anopri.com\/index.php?rest_route=\/wp\/v2\/product\/9274\/revisions"}],"predecessor-version":[{"id":15454,"href":"https:\/\/www.anopri.com\/index.php?rest_route=\/wp\/v2\/product\/9274\/revisions\/15454"}],"wp:featuredmedia":[{"embeddable":true,"href":"https:\/\/www.anopri.com\/index.php?rest_route=\/wp\/v2\/media\/13095"}],"wp:attachment":[{"href":"https:\/\/www.anopri.com\/index.php?rest_route=%2Fwp%2Fv2%2Fmedia&parent=9274"}],"wp:term":[{"taxonomy":"product_brand","embeddable":true,"href":"https:\/\/www.anopri.com\/index.php?rest_route=%2Fwp%2Fv2%2Fproduct_brand&post=9274"},{"taxonomy":"product_cat","embeddable":true,"href":"https:\/\/www.anopri.com\/index.php?rest_route=%2Fwp%2Fv2%2Fproduct_cat&post=9274"},{"taxonomy":"product_tag","embeddable":true,"href":"https:\/\/www.anopri.com\/index.php?rest_route=%2Fwp%2Fv2%2Fproduct_tag&post=9274"},{"taxonomy":"product_brands","embeddable":true,"href":"https:\/\/www.anopri.com\/index.php?rest_route=%2Fwp%2Fv2%2Fproduct_brands&post=9274"}],"curies":[{"name":"wp","href":"https:\/\/api.w.org\/{rel}","templated":true}]}}