{"id":9172,"date":"2022-11-05T03:06:27","date_gmt":"2022-11-05T02:06:27","guid":{"rendered":"https:\/\/www.anopri.com\/?post_type=product&#038;p=9172"},"modified":"2023-12-02T14:20:04","modified_gmt":"2023-12-02T13:20:04","slug":"televiseur-led-lg-fhd-hd-43","status":"publish","type":"product","link":"https:\/\/www.anopri.com\/?product=televiseur-led-lg-fhd-hd-43","title":{"rendered":"TV LG LED-43 Pouces"},"content":{"rendered":"<ul>\n<li><strong><span style=\"vertical-align: inherit;\"><span style=\"vertical-align: inherit;\">Type de produit<\/span><\/span><\/strong><span style=\"vertical-align: inherit;\"><span style=\"vertical-align: inherit;\"> : T\u00e9l\u00e9viseur num\u00e9rique<\/span><\/span><\/li>\n<li><strong><span style=\"vertical-align: inherit;\"><span style=\"vertical-align: inherit;\">Marque<\/span><\/span><\/strong><span style=\"vertical-align: inherit;\"><span style=\"vertical-align: inherit;\"> : LG<\/span><\/span><\/li>\n<li><strong><span style=\"vertical-align: inherit;\"><span style=\"vertical-align: inherit;\">Mod\u00e8le<\/span><\/span><\/strong><span style=\"vertical-align: inherit;\"><span style=\"vertical-align: inherit;\"> : 43LJ510T<\/span><\/span><\/li>\n<li><strong><span style=\"vertical-align: inherit;\"><span style=\"vertical-align: inherit;\">Taille de l&rsquo;\u00e9cran<\/span><\/span><\/strong><span style=\"vertical-align: inherit;\"><span style=\"vertical-align: inherit;\"> : 43 Pouces<\/span><\/span><\/li>\n<li><strong><span style=\"vertical-align: inherit;\"><span style=\"vertical-align: inherit;\">Technologie d&rsquo;affichage<\/span><\/span><\/strong><span style=\"vertical-align: inherit;\"><span style=\"vertical-align: inherit;\"> : LED<\/span><\/span><\/li>\n<li><strong><span style=\"vertical-align: inherit;\"><span style=\"vertical-align: inherit;\">R\u00e9solution<\/span><\/span><\/strong><span style=\"vertical-align: inherit;\"><span style=\"vertical-align: inherit;\"> : Full HD, 3840 x 2160 pixels<\/span><\/span><\/li>\n<li><strong><span style=\"vertical-align: inherit;\"><span style=\"vertical-align: inherit;\">Port HDMI<\/span><\/span><\/strong><span style=\"vertical-align: inherit;\"><span style=\"vertical-align: inherit;\"> : 2<\/span><\/span><\/li>\n<li><strong><span style=\"vertical-align: inherit;\"><span style=\"vertical-align: inherit;\">Port USB<\/span><\/span><\/strong><span style=\"vertical-align: inherit;\"><span style=\"vertical-align: inherit;\"> : 1<\/span><\/span><\/li>\n<li><strong><span style=\"vertical-align: inherit;\"><span style=\"vertical-align: inherit;\">Type de panneau :\u00a0<\/span><\/span><\/strong><span style=\"vertical-align: inherit;\"><span style=\"vertical-align: inherit;\"> (uniquement pour la s\u00e9rie LCD)RVB<\/span><\/span><\/li>\n<li><strong><span style=\"vertical-align: inherit;\"><span style=\"vertical-align: inherit;\">D\u00e9codeur HEVC<\/span><\/span><\/strong><span style=\"vertical-align: inherit;\"><span style=\"vertical-align: inherit;\"> : 2k \u00e0 30p 10 bits<\/span><\/span><\/li>\n<li><strong><span style=\"vertical-align: inherit;\"><span style=\"vertical-align: inherit;\">Sortie casque<\/span><\/span><\/strong><span style=\"vertical-align: inherit;\"><span style=\"vertical-align: inherit;\"> : Oui<\/span><\/span><\/li>\n<li><strong><span style=\"vertical-align: inherit;\"><span style=\"vertical-align: inherit;\">Sortie audio num\u00e9rique (optique)<\/span><\/span><\/strong><span style=\"vertical-align: inherit;\"><span style=\"vertical-align: inherit;\"> : Oui 10W<\/span><\/span><\/li>\n<li><strong><span style=\"vertical-align: inherit;\"><span style=\"vertical-align: inherit;\">Alimentation \u00e9lectrique (tension, Hz)\u00a0<\/span><\/span><\/strong><span style=\"vertical-align: inherit;\"><span style=\"vertical-align: inherit;\"> : 100 ~ 240Vac 50-60<\/span><\/span><\/li>\n<li><strong><span style=\"vertical-align: inherit;\"><span style=\"vertical-align: inherit;\">Dimensions<\/span><\/span><\/strong><span style=\"vertical-align: inherit;\"><span style=\"vertical-align: inherit;\"> : 97,5 x 57,1 x 8,6 cm<\/span><\/span><\/li>\n<\/ul>\n","protected":false},"excerpt":{"rendered":"<p><span style=\"vertical-align: inherit;\"><span style=\"vertical-align: inherit;\">Envolez-vous dans un nouveau monde o\u00f9 la r\u00e9alit\u00e9 prend le si\u00e8ge arri\u00e8re \u00e0 l&rsquo;imagination, la sensation et l&rsquo;intrigue. <\/span><span style=\"vertical-align: inherit;\">Avec la\u00a0 <\/span><\/span><strong><span style=\"vertical-align: inherit;\"><span style=\"vertical-align: inherit;\">TV num\u00e9rique LED LG 43LJ510T 43 pouces<\/span><\/span><\/strong><span style=\"vertical-align: inherit;\"><span style=\"vertical-align: inherit;\"> , les limites optiques et les limites des t\u00e9l\u00e9viseurs traditionnels sont d\u00e9fi\u00e9es. <\/span><span style=\"vertical-align: inherit;\">Cette t\u00e9l\u00e9vision pas cher vous offre une exp\u00e9rience num\u00e9rique sensationnelle, de par la\u00a0 <\/span><\/span><strong><span style=\"vertical-align: inherit;\"><span style=\"vertical-align: inherit;\">clart\u00e9 de ses images et son confort visuel<\/span><\/span><\/strong><span style=\"vertical-align: inherit;\"><span style=\"vertical-align: inherit;\"> . <\/span><span style=\"vertical-align: inherit;\">Il s&rsquo;agit d&rsquo;un\u00a0 <\/span><\/span><strong><span style=\"vertical-align: inherit;\"><span style=\"vertical-align: inherit;\">t\u00e9l\u00e9viseur LED pas cher<\/span><\/span><\/strong><span style=\"vertical-align: inherit;\"><span style=\"vertical-align: inherit;\"> \u00a0qui fournit tout ce dont vous avez besoin pour un divertissement \u00e0 domicile de qualit\u00e9.<\/span><\/span><\/p>\n","protected":false},"featured_media":13068,"comment_status":"closed","ping_status":"closed","template":"","meta":{"_monsterinsights_skip_tracking":false,"_monsterinsights_sitenote_active":false,"_monsterinsights_sitenote_note":"","_monsterinsights_sitenote_category":0,"_bst_post_transparent":"","_bst_post_title":"","_bst_post_layout":"","_bst_post_sidebar_id":"","_bst_post_content_style":"","_bst_post_vertical_padding":"","_bst_post_feature":"","_bst_post_feature_position":"","_bst_post_header":false,"_bst_post_footer":false},"product_brand":[],"product_cat":[130],"product_tag":[],"product_brands":[],"class_list":{"0":"post-9172","1":"product","2":"type-product","3":"status-publish","4":"has-post-thumbnail","6":"product_cat-television","8":"first","9":"instock","10":"purchasable","11":"product-type-simple","12":"entry","13":"content-bg","14":"loop-entry"},"yoast_head":"<!-- This site is optimized with the Yoast SEO Premium plugin v19.7 (Yoast SEO v19.14) - https:\/\/yoast.com\/wordpress\/plugins\/seo\/ -->\n<title>TV LG LED-43 Pouces - Anopri<\/title>\n<meta name=\"robots\" content=\"index, follow, max-snippet:-1, max-image-preview:large, max-video-preview:-1\" \/>\n<link rel=\"canonical\" href=\"https:\/\/www.anopri.com\/?product=televiseur-led-lg-fhd-hd-43\" \/>\n<meta property=\"og:locale\" content=\"fr_FR\" \/>\n<meta property=\"og:type\" content=\"article\" \/>\n<meta property=\"og:title\" content=\"TV LG LED-43 Pouces\" \/>\n<meta property=\"og:description\" content=\"Envolez-vous dans un nouveau monde o\u00f9 la r\u00e9alit\u00e9 prend le si\u00e8ge arri\u00e8re \u00e0 l&#039;imagination, la sensation et l&#039;intrigue. Avec la\u00a0 TV num\u00e9rique LED LG 43LJ510T 43 pouces , les limites optiques et les limites des t\u00e9l\u00e9viseurs traditionnels sont d\u00e9fi\u00e9es. Cette t\u00e9l\u00e9vision pas cher vous offre une exp\u00e9rience num\u00e9rique sensationnelle, de par la\u00a0 clart\u00e9 de ses images et son confort visuel . Il s&#039;agit d&#039;un\u00a0 t\u00e9l\u00e9viseur LED pas cher \u00a0qui fournit tout ce dont vous avez besoin pour un divertissement \u00e0 domicile de qualit\u00e9.\" \/>\n<meta property=\"og:url\" content=\"https:\/\/www.anopri.com\/?product=televiseur-led-lg-fhd-hd-43\" \/>\n<meta property=\"og:site_name\" content=\"Anopri\" \/>\n<meta property=\"article:publisher\" content=\"https:\/\/web.facebook.com\/profile.php?id=100080248592655\" \/>\n<meta property=\"article:modified_time\" content=\"2023-12-02T13:20:04+00:00\" \/>\n<meta property=\"og:image\" content=\"https:\/\/www.anopri.com\/wp-content\/uploads\/2022\/11\/2018-09-12_14-32-05_ecran_lg-1.jpg\" \/>\n\t<meta property=\"og:image:width\" content=\"650\" \/>\n\t<meta property=\"og:image:height\" content=\"650\" \/>\n\t<meta property=\"og:image:type\" content=\"image\/jpeg\" \/>\n<meta name=\"twitter:card\" content=\"summary_large_image\" \/>\n<script type=\"application\/ld+json\" class=\"yoast-schema-graph\">{\"@context\":\"https:\/\/schema.org\",\"@graph\":[{\"@type\":\"WebPage\",\"@id\":\"https:\/\/www.anopri.com\/?product=televiseur-led-lg-fhd-hd-43\",\"url\":\"https:\/\/www.anopri.com\/?product=televiseur-led-lg-fhd-hd-43\",\"name\":\"TV LG LED-43 Pouces - Anopri\",\"isPartOf\":{\"@id\":\"https:\/\/www.anopri.com\/#website\"},\"datePublished\":\"2022-11-05T02:06:27+00:00\",\"dateModified\":\"2023-12-02T13:20:04+00:00\",\"breadcrumb\":{\"@id\":\"https:\/\/www.anopri.com\/?product=televiseur-led-lg-fhd-hd-43#breadcrumb\"},\"inLanguage\":\"fr-FR\",\"potentialAction\":[{\"@type\":\"ReadAction\",\"target\":[\"https:\/\/www.anopri.com\/?product=televiseur-led-lg-fhd-hd-43\"]}]},{\"@type\":\"BreadcrumbList\",\"@id\":\"https:\/\/www.anopri.com\/?product=televiseur-led-lg-fhd-hd-43#breadcrumb\",\"itemListElement\":[{\"@type\":\"ListItem\",\"position\":1,\"name\":\"Home\",\"item\":\"https:\/\/www.anopri.com\/\"},{\"@type\":\"ListItem\",\"position\":2,\"name\":\"Shop\",\"item\":\"https:\/\/www.anopri.com\/?page_id=9\"},{\"@type\":\"ListItem\",\"position\":3,\"name\":\"TV LG LED-43 Pouces\"}]},{\"@type\":\"WebSite\",\"@id\":\"https:\/\/www.anopri.com\/#website\",\"url\":\"https:\/\/www.anopri.com\/\",\"name\":\"Anopri\",\"description\":\"Le num\u00e9ro 1 du E-commerce au Cameroun\",\"publisher\":{\"@id\":\"https:\/\/www.anopri.com\/#organization\"},\"potentialAction\":[{\"@type\":\"SearchAction\",\"target\":{\"@type\":\"EntryPoint\",\"urlTemplate\":\"https:\/\/www.anopri.com\/?s={search_term_string}\"},\"query-input\":\"required name=search_term_string\"}],\"inLanguage\":\"fr-FR\"},{\"@type\":\"Organization\",\"@id\":\"https:\/\/www.anopri.com\/#organization\",\"name\":\"Anopri\",\"url\":\"https:\/\/www.anopri.com\/\",\"logo\":{\"@type\":\"ImageObject\",\"inLanguage\":\"fr-FR\",\"@id\":\"https:\/\/www.anopri.com\/#\/schema\/logo\/image\/\",\"url\":\"https:\/\/www.anopri.com\/wp-content\/uploads\/2021\/12\/logo_anopris-removebg-preview-pihrepl4a7wbf4ckedruxkg3fixsgydq3o170682d0.png\",\"contentUrl\":\"https:\/\/www.anopri.com\/wp-content\/uploads\/2021\/12\/logo_anopris-removebg-preview-pihrepl4a7wbf4ckedruxkg3fixsgydq3o170682d0.png\",\"width\":136,\"height\":50,\"caption\":\"Anopri\"},\"image\":{\"@id\":\"https:\/\/www.anopri.com\/#\/schema\/logo\/image\/\"},\"sameAs\":[\"https:\/\/web.facebook.com\/profile.php?id=100080248592655\"]}]}<\/script>\n<!-- \/ Yoast SEO Premium plugin. -->","yoast_head_json":{"title":"TV LG LED-43 Pouces - Anopri","robots":{"index":"index","follow":"follow","max-snippet":"max-snippet:-1","max-image-preview":"max-image-preview:large","max-video-preview":"max-video-preview:-1"},"canonical":"https:\/\/www.anopri.com\/?product=televiseur-led-lg-fhd-hd-43","og_locale":"fr_FR","og_type":"article","og_title":"TV LG LED-43 Pouces","og_description":"Envolez-vous dans un nouveau monde o\u00f9 la r\u00e9alit\u00e9 prend le si\u00e8ge arri\u00e8re \u00e0 l'imagination, la sensation et l'intrigue. Avec la\u00a0 TV num\u00e9rique LED LG 43LJ510T 43 pouces , les limites optiques et les limites des t\u00e9l\u00e9viseurs traditionnels sont d\u00e9fi\u00e9es. Cette t\u00e9l\u00e9vision pas cher vous offre une exp\u00e9rience num\u00e9rique sensationnelle, de par la\u00a0 clart\u00e9 de ses images et son confort visuel . Il s'agit d'un\u00a0 t\u00e9l\u00e9viseur LED pas cher \u00a0qui fournit tout ce dont vous avez besoin pour un divertissement \u00e0 domicile de qualit\u00e9.","og_url":"https:\/\/www.anopri.com\/?product=televiseur-led-lg-fhd-hd-43","og_site_name":"Anopri","article_publisher":"https:\/\/web.facebook.com\/profile.php?id=100080248592655","article_modified_time":"2023-12-02T13:20:04+00:00","og_image":[{"width":650,"height":650,"url":"https:\/\/www.anopri.com\/wp-content\/uploads\/2022\/11\/2018-09-12_14-32-05_ecran_lg-1.jpg","type":"image\/jpeg"}],"twitter_card":"summary_large_image","schema":{"@context":"https:\/\/schema.org","@graph":[{"@type":"WebPage","@id":"https:\/\/www.anopri.com\/?product=televiseur-led-lg-fhd-hd-43","url":"https:\/\/www.anopri.com\/?product=televiseur-led-lg-fhd-hd-43","name":"TV LG LED-43 Pouces - Anopri","isPartOf":{"@id":"https:\/\/www.anopri.com\/#website"},"datePublished":"2022-11-05T02:06:27+00:00","dateModified":"2023-12-02T13:20:04+00:00","breadcrumb":{"@id":"https:\/\/www.anopri.com\/?product=televiseur-led-lg-fhd-hd-43#breadcrumb"},"inLanguage":"fr-FR","potentialAction":[{"@type":"ReadAction","target":["https:\/\/www.anopri.com\/?product=televiseur-led-lg-fhd-hd-43"]}]},{"@type":"BreadcrumbList","@id":"https:\/\/www.anopri.com\/?product=televiseur-led-lg-fhd-hd-43#breadcrumb","itemListElement":[{"@type":"ListItem","position":1,"name":"Home","item":"https:\/\/www.anopri.com\/"},{"@type":"ListItem","position":2,"name":"Shop","item":"https:\/\/www.anopri.com\/?page_id=9"},{"@type":"ListItem","position":3,"name":"TV LG LED-43 Pouces"}]},{"@type":"WebSite","@id":"https:\/\/www.anopri.com\/#website","url":"https:\/\/www.anopri.com\/","name":"Anopri","description":"Le num\u00e9ro 1 du E-commerce au Cameroun","publisher":{"@id":"https:\/\/www.anopri.com\/#organization"},"potentialAction":[{"@type":"SearchAction","target":{"@type":"EntryPoint","urlTemplate":"https:\/\/www.anopri.com\/?s={search_term_string}"},"query-input":"required name=search_term_string"}],"inLanguage":"fr-FR"},{"@type":"Organization","@id":"https:\/\/www.anopri.com\/#organization","name":"Anopri","url":"https:\/\/www.anopri.com\/","logo":{"@type":"ImageObject","inLanguage":"fr-FR","@id":"https:\/\/www.anopri.com\/#\/schema\/logo\/image\/","url":"https:\/\/www.anopri.com\/wp-content\/uploads\/2021\/12\/logo_anopris-removebg-preview-pihrepl4a7wbf4ckedruxkg3fixsgydq3o170682d0.png","contentUrl":"https:\/\/www.anopri.com\/wp-content\/uploads\/2021\/12\/logo_anopris-removebg-preview-pihrepl4a7wbf4ckedruxkg3fixsgydq3o170682d0.png","width":136,"height":50,"caption":"Anopri"},"image":{"@id":"https:\/\/www.anopri.com\/#\/schema\/logo\/image\/"},"sameAs":["https:\/\/web.facebook.com\/profile.php?id=100080248592655"]}]}},"_links":{"self":[{"href":"https:\/\/www.anopri.com\/index.php?rest_route=\/wp\/v2\/product\/9172","targetHints":{"allow":["GET"]}}],"collection":[{"href":"https:\/\/www.anopri.com\/index.php?rest_route=\/wp\/v2\/product"}],"about":[{"href":"https:\/\/www.anopri.com\/index.php?rest_route=\/wp\/v2\/types\/product"}],"replies":[{"embeddable":true,"href":"https:\/\/www.anopri.com\/index.php?rest_route=%2Fwp%2Fv2%2Fcomments&post=9172"}],"version-history":[{"count":2,"href":"https:\/\/www.anopri.com\/index.php?rest_route=\/wp\/v2\/product\/9172\/revisions"}],"predecessor-version":[{"id":9705,"href":"https:\/\/www.anopri.com\/index.php?rest_route=\/wp\/v2\/product\/9172\/revisions\/9705"}],"wp:featuredmedia":[{"embeddable":true,"href":"https:\/\/www.anopri.com\/index.php?rest_route=\/wp\/v2\/media\/13068"}],"wp:attachment":[{"href":"https:\/\/www.anopri.com\/index.php?rest_route=%2Fwp%2Fv2%2Fmedia&parent=9172"}],"wp:term":[{"taxonomy":"product_brand","embeddable":true,"href":"https:\/\/www.anopri.com\/index.php?rest_route=%2Fwp%2Fv2%2Fproduct_brand&post=9172"},{"taxonomy":"product_cat","embeddable":true,"href":"https:\/\/www.anopri.com\/index.php?rest_route=%2Fwp%2Fv2%2Fproduct_cat&post=9172"},{"taxonomy":"product_tag","embeddable":true,"href":"https:\/\/www.anopri.com\/index.php?rest_route=%2Fwp%2Fv2%2Fproduct_tag&post=9172"},{"taxonomy":"product_brands","embeddable":true,"href":"https:\/\/www.anopri.com\/index.php?rest_route=%2Fwp%2Fv2%2Fproduct_brands&post=9172"}],"curies":[{"name":"wp","href":"https:\/\/api.w.org\/{rel}","templated":true}]}}