{"id":20619,"date":"2026-03-24T18:19:50","date_gmt":"2026-03-24T17:19:50","guid":{"rendered":"https:\/\/www.anopri.com\/?post_type=product&#038;p=20619"},"modified":"2026-03-24T18:19:51","modified_gmt":"2026-03-24T17:19:51","slug":"machine-a-coudre-industrielle-emel-em8500","status":"publish","type":"product","link":"https:\/\/www.anopri.com\/?product=machine-a-coudre-industrielle-emel-em8500","title":{"rendered":"Machine \u00e0 coudre Industrielle Emel &#8211; EM8500"},"content":{"rendered":"<p>La machine \u00e0 coudre industrielle Emel EM 8500 est une machine \u00e0 point nou\u00e9 haute pr\u00e9cision, haute d\u00e9finition et haute vitesse. Emel est une marque de confiance dans le domaine des machines \u00e0 coudre. Gr\u00e2ce \u00e0 sa conception ing\u00e9nieuse et \u00e0 ses composants de qualit\u00e9, l&rsquo;EM8500 vous garantit une exp\u00e9rience de couture unique et sans tracas.<\/p>\n<p>Cette machine est utilis\u00e9e pour tous les travaux de couture sur tissu, y compris la soie, le denim et m\u00eame certains cuirs. L&rsquo;EM8500 est \u00e9l\u00e9gante, dot\u00e9e d&rsquo;une conception \u00e9prouv\u00e9e, d&rsquo;une grande fiabilit\u00e9, d&rsquo;une efficacit\u00e9 \u00e9lev\u00e9e et d&rsquo;un espace de travail g\u00e9n\u00e9reux. Elle permet de coudre des mat\u00e9riaux fins \u00e0 moyennement \u00e9pais en produisant des points nets et r\u00e9guliers.<\/p>\n","protected":false},"excerpt":{"rendered":"<ul>\n<li><span dir=\"auto\">Produit environ 5000 points par minute.<\/span><\/li>\n<li><span dir=\"auto\">Fonctionne avec un embrayage de 250 W et une tension nominale de 220 V.<\/span><\/li>\n<li><span dir=\"auto\">Le pied peut \u00eatre relev\u00e9 de 5 mm \u00e0 13 mm pour faciliter la couture de tissus \u00e9pais.<\/span><\/li>\n<li><span dir=\"auto\">Un levier de point arri\u00e8re souple pour un blocage de point ad\u00e9quat<\/span><\/li>\n<li><span dir=\"auto\">Syst\u00e8me de lubrification automatique<\/span><\/li>\n<li><span dir=\"auto\">Produit une longueur de point comprise entre 0 et 5 mm<\/span><\/li>\n<li><span dir=\"auto\">La marque Emel grav\u00e9e \u00e0 l&rsquo;arri\u00e8re de la machine atteste de son authenticit\u00e9.<\/span><\/li>\n<\/ul>\n","protected":false},"featured_media":20621,"comment_status":"open","ping_status":"closed","template":"","meta":{"_monsterinsights_skip_tracking":false,"_monsterinsights_sitenote_active":false,"_monsterinsights_sitenote_note":"","_monsterinsights_sitenote_category":0,"_bst_post_transparent":"default","_bst_post_title":"","_bst_post_layout":"default","_bst_post_sidebar_id":"","_bst_post_content_style":"default","_bst_post_vertical_padding":"default","_bst_post_feature":"","_bst_post_feature_position":"","_bst_post_header":false,"_bst_post_footer":false},"product_brand":[],"product_cat":[124,252],"product_tag":[],"product_brands":[],"class_list":{"0":"post-20619","1":"product","2":"type-product","3":"status-publish","4":"has-post-thumbnail","6":"product_cat-electronique","7":"product_cat-machine-a-coudre-et-accessoires-de-couture","9":"first","10":"instock","11":"shipping-taxable","12":"product-type-simple","13":"entry","14":"content-bg","15":"loop-entry"},"yoast_head":"<!-- This site is optimized with the Yoast SEO Premium plugin v19.7 (Yoast SEO v19.14) - https:\/\/yoast.com\/wordpress\/plugins\/seo\/ -->\n<title>Machine \u00e0 coudre Industrielle Emel - EM8500 - Anopri<\/title>\n<meta name=\"robots\" content=\"index, follow, max-snippet:-1, max-image-preview:large, max-video-preview:-1\" \/>\n<link rel=\"canonical\" href=\"https:\/\/www.anopri.com\/?product=machine-a-coudre-industrielle-emel-em8500\" \/>\n<meta property=\"og:locale\" content=\"fr_FR\" \/>\n<meta property=\"og:type\" content=\"article\" \/>\n<meta property=\"og:title\" content=\"Machine \u00e0 coudre Industrielle Emel - EM8500\" \/>\n<meta property=\"og:description\" content=\"Produit environ 5000 points par minute.  Fonctionne avec un embrayage de 250 W et une tension nominale de 220 V.  Le pied peut \u00eatre relev\u00e9 de 5 mm \u00e0 13 mm pour faciliter la couture de tissus \u00e9pais.  Un levier de point arri\u00e8re souple pour un blocage de point ad\u00e9quat  Syst\u00e8me de lubrification automatique  Produit une longueur de point comprise entre 0 et 5 mm  La marque Emel grav\u00e9e \u00e0 l&#039;arri\u00e8re de la machine atteste de son authenticit\u00e9.\" \/>\n<meta property=\"og:url\" content=\"https:\/\/www.anopri.com\/?product=machine-a-coudre-industrielle-emel-em8500\" \/>\n<meta property=\"og:site_name\" content=\"Anopri\" \/>\n<meta property=\"article:publisher\" content=\"https:\/\/web.facebook.com\/profile.php?id=100080248592655\" \/>\n<meta property=\"article:modified_time\" content=\"2026-03-24T17:19:51+00:00\" \/>\n<meta property=\"og:image\" content=\"https:\/\/www.anopri.com\/wp-content\/uploads\/2026\/03\/Machine-a-coudre.jpeg\" \/>\n\t<meta property=\"og:image:width\" content=\"800\" \/>\n\t<meta property=\"og:image:height\" content=\"704\" \/>\n\t<meta property=\"og:image:type\" content=\"image\/jpeg\" \/>\n<meta name=\"twitter:card\" content=\"summary_large_image\" \/>\n<meta name=\"twitter:label1\" content=\"Dur\u00e9e de lecture estim\u00e9e\" \/>\n\t<meta name=\"twitter:data1\" content=\"1 minute\" \/>\n<script type=\"application\/ld+json\" class=\"yoast-schema-graph\">{\"@context\":\"https:\/\/schema.org\",\"@graph\":[{\"@type\":\"WebPage\",\"@id\":\"https:\/\/www.anopri.com\/?product=machine-a-coudre-industrielle-emel-em8500\",\"url\":\"https:\/\/www.anopri.com\/?product=machine-a-coudre-industrielle-emel-em8500\",\"name\":\"Machine \u00e0 coudre Industrielle Emel - EM8500 - Anopri\",\"isPartOf\":{\"@id\":\"https:\/\/www.anopri.com\/#website\"},\"datePublished\":\"2026-03-24T17:19:50+00:00\",\"dateModified\":\"2026-03-24T17:19:51+00:00\",\"breadcrumb\":{\"@id\":\"https:\/\/www.anopri.com\/?product=machine-a-coudre-industrielle-emel-em8500#breadcrumb\"},\"inLanguage\":\"fr-FR\",\"potentialAction\":[{\"@type\":\"ReadAction\",\"target\":[\"https:\/\/www.anopri.com\/?product=machine-a-coudre-industrielle-emel-em8500\"]}]},{\"@type\":\"BreadcrumbList\",\"@id\":\"https:\/\/www.anopri.com\/?product=machine-a-coudre-industrielle-emel-em8500#breadcrumb\",\"itemListElement\":[{\"@type\":\"ListItem\",\"position\":1,\"name\":\"Home\",\"item\":\"https:\/\/www.anopri.com\/\"},{\"@type\":\"ListItem\",\"position\":2,\"name\":\"Shop\",\"item\":\"https:\/\/www.anopri.com\/?page_id=9\"},{\"@type\":\"ListItem\",\"position\":3,\"name\":\"Machine \u00e0 coudre Industrielle Emel &#8211; EM8500\"}]},{\"@type\":\"WebSite\",\"@id\":\"https:\/\/www.anopri.com\/#website\",\"url\":\"https:\/\/www.anopri.com\/\",\"name\":\"Anopri\",\"description\":\"Le num\u00e9ro 1 du E-commerce au Cameroun\",\"publisher\":{\"@id\":\"https:\/\/www.anopri.com\/#organization\"},\"potentialAction\":[{\"@type\":\"SearchAction\",\"target\":{\"@type\":\"EntryPoint\",\"urlTemplate\":\"https:\/\/www.anopri.com\/?s={search_term_string}\"},\"query-input\":\"required name=search_term_string\"}],\"inLanguage\":\"fr-FR\"},{\"@type\":\"Organization\",\"@id\":\"https:\/\/www.anopri.com\/#organization\",\"name\":\"Anopri\",\"url\":\"https:\/\/www.anopri.com\/\",\"logo\":{\"@type\":\"ImageObject\",\"inLanguage\":\"fr-FR\",\"@id\":\"https:\/\/www.anopri.com\/#\/schema\/logo\/image\/\",\"url\":\"https:\/\/www.anopri.com\/wp-content\/uploads\/2021\/12\/logo_anopris-removebg-preview-pihrepl4a7wbf4ckedruxkg3fixsgydq3o170682d0.png\",\"contentUrl\":\"https:\/\/www.anopri.com\/wp-content\/uploads\/2021\/12\/logo_anopris-removebg-preview-pihrepl4a7wbf4ckedruxkg3fixsgydq3o170682d0.png\",\"width\":136,\"height\":50,\"caption\":\"Anopri\"},\"image\":{\"@id\":\"https:\/\/www.anopri.com\/#\/schema\/logo\/image\/\"},\"sameAs\":[\"https:\/\/web.facebook.com\/profile.php?id=100080248592655\"]}]}<\/script>\n<!-- \/ Yoast SEO Premium plugin. -->","yoast_head_json":{"title":"Machine \u00e0 coudre Industrielle Emel - EM8500 - Anopri","robots":{"index":"index","follow":"follow","max-snippet":"max-snippet:-1","max-image-preview":"max-image-preview:large","max-video-preview":"max-video-preview:-1"},"canonical":"https:\/\/www.anopri.com\/?product=machine-a-coudre-industrielle-emel-em8500","og_locale":"fr_FR","og_type":"article","og_title":"Machine \u00e0 coudre Industrielle Emel - EM8500","og_description":"Produit environ 5000 points par minute.  Fonctionne avec un embrayage de 250 W et une tension nominale de 220 V.  Le pied peut \u00eatre relev\u00e9 de 5 mm \u00e0 13 mm pour faciliter la couture de tissus \u00e9pais.  Un levier de point arri\u00e8re souple pour un blocage de point ad\u00e9quat  Syst\u00e8me de lubrification automatique  Produit une longueur de point comprise entre 0 et 5 mm  La marque Emel grav\u00e9e \u00e0 l'arri\u00e8re de la machine atteste de son authenticit\u00e9.","og_url":"https:\/\/www.anopri.com\/?product=machine-a-coudre-industrielle-emel-em8500","og_site_name":"Anopri","article_publisher":"https:\/\/web.facebook.com\/profile.php?id=100080248592655","article_modified_time":"2026-03-24T17:19:51+00:00","og_image":[{"width":800,"height":704,"url":"https:\/\/www.anopri.com\/wp-content\/uploads\/2026\/03\/Machine-a-coudre.jpeg","type":"image\/jpeg"}],"twitter_card":"summary_large_image","twitter_misc":{"Dur\u00e9e de lecture estim\u00e9e":"1 minute"},"schema":{"@context":"https:\/\/schema.org","@graph":[{"@type":"WebPage","@id":"https:\/\/www.anopri.com\/?product=machine-a-coudre-industrielle-emel-em8500","url":"https:\/\/www.anopri.com\/?product=machine-a-coudre-industrielle-emel-em8500","name":"Machine \u00e0 coudre Industrielle Emel - EM8500 - Anopri","isPartOf":{"@id":"https:\/\/www.anopri.com\/#website"},"datePublished":"2026-03-24T17:19:50+00:00","dateModified":"2026-03-24T17:19:51+00:00","breadcrumb":{"@id":"https:\/\/www.anopri.com\/?product=machine-a-coudre-industrielle-emel-em8500#breadcrumb"},"inLanguage":"fr-FR","potentialAction":[{"@type":"ReadAction","target":["https:\/\/www.anopri.com\/?product=machine-a-coudre-industrielle-emel-em8500"]}]},{"@type":"BreadcrumbList","@id":"https:\/\/www.anopri.com\/?product=machine-a-coudre-industrielle-emel-em8500#breadcrumb","itemListElement":[{"@type":"ListItem","position":1,"name":"Home","item":"https:\/\/www.anopri.com\/"},{"@type":"ListItem","position":2,"name":"Shop","item":"https:\/\/www.anopri.com\/?page_id=9"},{"@type":"ListItem","position":3,"name":"Machine \u00e0 coudre Industrielle Emel &#8211; EM8500"}]},{"@type":"WebSite","@id":"https:\/\/www.anopri.com\/#website","url":"https:\/\/www.anopri.com\/","name":"Anopri","description":"Le num\u00e9ro 1 du E-commerce au Cameroun","publisher":{"@id":"https:\/\/www.anopri.com\/#organization"},"potentialAction":[{"@type":"SearchAction","target":{"@type":"EntryPoint","urlTemplate":"https:\/\/www.anopri.com\/?s={search_term_string}"},"query-input":"required name=search_term_string"}],"inLanguage":"fr-FR"},{"@type":"Organization","@id":"https:\/\/www.anopri.com\/#organization","name":"Anopri","url":"https:\/\/www.anopri.com\/","logo":{"@type":"ImageObject","inLanguage":"fr-FR","@id":"https:\/\/www.anopri.com\/#\/schema\/logo\/image\/","url":"https:\/\/www.anopri.com\/wp-content\/uploads\/2021\/12\/logo_anopris-removebg-preview-pihrepl4a7wbf4ckedruxkg3fixsgydq3o170682d0.png","contentUrl":"https:\/\/www.anopri.com\/wp-content\/uploads\/2021\/12\/logo_anopris-removebg-preview-pihrepl4a7wbf4ckedruxkg3fixsgydq3o170682d0.png","width":136,"height":50,"caption":"Anopri"},"image":{"@id":"https:\/\/www.anopri.com\/#\/schema\/logo\/image\/"},"sameAs":["https:\/\/web.facebook.com\/profile.php?id=100080248592655"]}]}},"_links":{"self":[{"href":"https:\/\/www.anopri.com\/index.php?rest_route=\/wp\/v2\/product\/20619","targetHints":{"allow":["GET"]}}],"collection":[{"href":"https:\/\/www.anopri.com\/index.php?rest_route=\/wp\/v2\/product"}],"about":[{"href":"https:\/\/www.anopri.com\/index.php?rest_route=\/wp\/v2\/types\/product"}],"replies":[{"embeddable":true,"href":"https:\/\/www.anopri.com\/index.php?rest_route=%2Fwp%2Fv2%2Fcomments&post=20619"}],"version-history":[{"count":1,"href":"https:\/\/www.anopri.com\/index.php?rest_route=\/wp\/v2\/product\/20619\/revisions"}],"predecessor-version":[{"id":20622,"href":"https:\/\/www.anopri.com\/index.php?rest_route=\/wp\/v2\/product\/20619\/revisions\/20622"}],"wp:featuredmedia":[{"embeddable":true,"href":"https:\/\/www.anopri.com\/index.php?rest_route=\/wp\/v2\/media\/20621"}],"wp:attachment":[{"href":"https:\/\/www.anopri.com\/index.php?rest_route=%2Fwp%2Fv2%2Fmedia&parent=20619"}],"wp:term":[{"taxonomy":"product_brand","embeddable":true,"href":"https:\/\/www.anopri.com\/index.php?rest_route=%2Fwp%2Fv2%2Fproduct_brand&post=20619"},{"taxonomy":"product_cat","embeddable":true,"href":"https:\/\/www.anopri.com\/index.php?rest_route=%2Fwp%2Fv2%2Fproduct_cat&post=20619"},{"taxonomy":"product_tag","embeddable":true,"href":"https:\/\/www.anopri.com\/index.php?rest_route=%2Fwp%2Fv2%2Fproduct_tag&post=20619"},{"taxonomy":"product_brands","embeddable":true,"href":"https:\/\/www.anopri.com\/index.php?rest_route=%2Fwp%2Fv2%2Fproduct_brands&post=20619"}],"curies":[{"name":"wp","href":"https:\/\/api.w.org\/{rel}","templated":true}]}}