{"id":19866,"date":"2025-11-12T13:23:29","date_gmt":"2025-11-12T12:23:29","guid":{"rendered":"https:\/\/www.anopri.com\/?post_type=product&#038;p=19866"},"modified":"2025-11-12T13:23:30","modified_gmt":"2025-11-12T12:23:30","slug":"tv-smart-lg-75-pouces-uhd-ai-75ut80006la","status":"publish","type":"product","link":"https:\/\/www.anopri.com\/?product=tv-smart-lg-75-pouces-uhd-ai-75ut80006la","title":{"rendered":"TV Smart LG 75 pouces UHD AI &#8211; 75UT80006LA"},"content":{"rendered":"<ul class=\"a-unordered-list a-vertical a-spacing-mini\">\n<li class=\"a-spacing-mini\"><span class=\"a-list-item\"><span dir=\"auto\">Image 4K Ultra HD nette<\/span><\/span><\/li>\n<li class=\"a-spacing-mini\"><span class=\"a-list-item\"><span dir=\"auto\">Processeur intelligent avec conversion ascendante 4K et plus encore<\/span><\/span><\/li>\n<li class=\"a-spacing-mini\"><span class=\"a-list-item\"><span dir=\"auto\">La plateforme intelligente webOS avec Freeview Play, Netflix, Disney+ et bien plus encore<\/span><\/span><\/li>\n<li class=\"a-spacing-mini\"><span class=\"a-list-item\"><span dir=\"auto\">Design \u00e9l\u00e9gant<\/span><\/span><\/li>\n<li class=\"a-spacing-mini\"><span class=\"a-list-item\"><span dir=\"auto\">Cin\u00e9ma instantan\u00e9 avec mode FILMMAKER et HDR<\/span><\/span><\/li>\n<\/ul>\n","protected":false},"excerpt":{"rendered":"<ul>\n<li>\n<h3>Type de produit :T\u00e9l\u00e9viseur\u00a0 smart<\/h3>\n<\/li>\n<li>\n<h3>Marque : LG<\/h3>\n<\/li>\n<li>\n<h3>Mod\u00e8le :\u00a075UT80006LA<\/h3>\n<\/li>\n<li>\n<h3>Type d&rsquo;affichage : 4K UHD LED<\/h3>\n<\/li>\n<li>\n<h3>R\u00e9solution d&rsquo;affichage : 3840 x 2160 pixels<\/h3>\n<\/li>\n<li>\n<h3>R\u00e9tro\u00e9clairage : Direct LED<\/h3>\n<\/li>\n<li>\n<h3>Taux de rafra\u00eechissement : 60 Hz natif<\/h3>\n<\/li>\n<li>\n<h3>Technologies HDR : HDR10 \/ HLG<\/h3>\n<\/li>\n<li>\n<h3>Mise \u00e0 l\u2019\u00e9chelle AI : Upscaling 4K<\/h3>\n<\/li>\n<li>\n<h3>Mode Filmmaker : Oui<\/h3>\n<\/li>\n<li>\n<h3>Syst\u00e8me d\u2019exploitation : webOS 24<\/h3>\n<\/li>\n<li>\n<h3>LG ThinQ AI : Oui<\/h3>\n<\/li>\n<li>\n<h3>Compatibilit\u00e9 cam\u00e9ra USB : Oui<\/h3>\n<\/li>\n<li>\n<h3>Puissance de sortie : 20 W<\/h3>\n<\/li>\n<li>\n<h3>Syst\u00e8me audio : 2.0 canaux<\/h3>\n<\/li>\n<li>\n<h3>LG Sound Sync : Oui<\/h3>\n<\/li>\n<li>\n<h3>Port USB : 2 ports (v 2.0)<\/h3>\n<\/li>\n<li>\n<h3>Wi-Fi : Oui (Wi-Fi 5)<\/h3>\n<\/li>\n<li>\n<h3>Bluetooth : Oui (v 5.1)<\/h3>\n<\/li>\n<li>\n<h3>Entr\u00e9e Ethernet : 1 port<\/h3>\n<\/li>\n<\/ul>\n","protected":false},"featured_media":19870,"comment_status":"closed","ping_status":"closed","template":"","meta":{"_monsterinsights_skip_tracking":false,"_monsterinsights_sitenote_active":false,"_monsterinsights_sitenote_note":"","_monsterinsights_sitenote_category":0,"_bst_post_transparent":"","_bst_post_title":"","_bst_post_layout":"","_bst_post_sidebar_id":"","_bst_post_content_style":"","_bst_post_vertical_padding":"","_bst_post_feature":"","_bst_post_feature_position":"","_bst_post_header":false,"_bst_post_footer":false},"product_brand":[],"product_cat":[132,130,256],"product_tag":[],"product_brands":[],"class_list":{"0":"post-19866","1":"product","2":"type-product","3":"status-publish","4":"has-post-thumbnail","6":"product_cat-electromenager","7":"product_cat-television","8":"product_cat-televisions-smart","10":"first","11":"instock","12":"shipping-taxable","13":"purchasable","14":"product-type-simple","15":"entry","16":"content-bg","17":"loop-entry"},"yoast_head":"<!-- This site is optimized with the Yoast SEO Premium plugin v19.7 (Yoast SEO v19.14) - https:\/\/yoast.com\/wordpress\/plugins\/seo\/ -->\n<title>TV Smart LG 75 pouces UHD AI - 75UT80006LA - Anopri<\/title>\n<meta name=\"robots\" content=\"index, follow, max-snippet:-1, max-image-preview:large, max-video-preview:-1\" \/>\n<link rel=\"canonical\" href=\"https:\/\/www.anopri.com\/?product=tv-smart-lg-75-pouces-uhd-ai-75ut80006la\" \/>\n<meta property=\"og:locale\" content=\"fr_FR\" \/>\n<meta property=\"og:type\" content=\"article\" \/>\n<meta property=\"og:title\" content=\"TV Smart LG 75 pouces UHD AI - 75UT80006LA\" \/>\n<meta property=\"og:description\" content=\"Type de produit :T\u00e9l\u00e9viseur\u00a0 smart    Marque : LG    Mod\u00e8le :\u00a075UT80006LA    Type d&#039;affichage : 4K UHD LED    R\u00e9solution d&#039;affichage : 3840 x 2160 pixels    R\u00e9tro\u00e9clairage : Direct LED    Taux de rafra\u00eechissement : 60 Hz natif    Technologies HDR : HDR10 \/ HLG    Mise \u00e0 l\u2019\u00e9chelle AI : Upscaling 4K    Mode Filmmaker : Oui    Syst\u00e8me d\u2019exploitation : webOS 24    LG ThinQ AI : Oui    Compatibilit\u00e9 cam\u00e9ra USB : Oui    Puissance de sortie : 20 W    Syst\u00e8me audio : 2.0 canaux    LG Sound Sync : Oui    Port USB : 2 ports (v 2.0)    Wi-Fi : Oui (Wi-Fi 5)    Bluetooth : Oui (v 5.1)    Entr\u00e9e Ethernet : 1 port\" \/>\n<meta property=\"og:url\" content=\"https:\/\/www.anopri.com\/?product=tv-smart-lg-75-pouces-uhd-ai-75ut80006la\" \/>\n<meta property=\"og:site_name\" content=\"Anopri\" \/>\n<meta property=\"article:publisher\" content=\"https:\/\/web.facebook.com\/profile.php?id=100080248592655\" \/>\n<meta property=\"article:modified_time\" content=\"2025-11-12T12:23:30+00:00\" \/>\n<meta property=\"og:image\" content=\"https:\/\/www.anopri.com\/wp-content\/uploads\/2025\/11\/thumb_949686_tv_front_big.webp\" \/>\n\t<meta property=\"og:image:width\" content=\"757\" \/>\n\t<meta property=\"og:image:height\" content=\"477\" \/>\n\t<meta property=\"og:image:type\" content=\"image\/webp\" \/>\n<meta name=\"twitter:card\" content=\"summary_large_image\" \/>\n<meta name=\"twitter:label1\" content=\"Dur\u00e9e de lecture estim\u00e9e\" \/>\n\t<meta name=\"twitter:data1\" content=\"1 minute\" \/>\n<script type=\"application\/ld+json\" class=\"yoast-schema-graph\">{\"@context\":\"https:\/\/schema.org\",\"@graph\":[{\"@type\":\"WebPage\",\"@id\":\"https:\/\/www.anopri.com\/?product=tv-smart-lg-75-pouces-uhd-ai-75ut80006la\",\"url\":\"https:\/\/www.anopri.com\/?product=tv-smart-lg-75-pouces-uhd-ai-75ut80006la\",\"name\":\"TV Smart LG 75 pouces UHD AI - 75UT80006LA - Anopri\",\"isPartOf\":{\"@id\":\"https:\/\/www.anopri.com\/#website\"},\"datePublished\":\"2025-11-12T12:23:29+00:00\",\"dateModified\":\"2025-11-12T12:23:30+00:00\",\"breadcrumb\":{\"@id\":\"https:\/\/www.anopri.com\/?product=tv-smart-lg-75-pouces-uhd-ai-75ut80006la#breadcrumb\"},\"inLanguage\":\"fr-FR\",\"potentialAction\":[{\"@type\":\"ReadAction\",\"target\":[\"https:\/\/www.anopri.com\/?product=tv-smart-lg-75-pouces-uhd-ai-75ut80006la\"]}]},{\"@type\":\"BreadcrumbList\",\"@id\":\"https:\/\/www.anopri.com\/?product=tv-smart-lg-75-pouces-uhd-ai-75ut80006la#breadcrumb\",\"itemListElement\":[{\"@type\":\"ListItem\",\"position\":1,\"name\":\"Home\",\"item\":\"https:\/\/www.anopri.com\/\"},{\"@type\":\"ListItem\",\"position\":2,\"name\":\"Shop\",\"item\":\"https:\/\/www.anopri.com\/?page_id=9\"},{\"@type\":\"ListItem\",\"position\":3,\"name\":\"TV Smart LG 75 pouces UHD AI &#8211; 75UT80006LA\"}]},{\"@type\":\"WebSite\",\"@id\":\"https:\/\/www.anopri.com\/#website\",\"url\":\"https:\/\/www.anopri.com\/\",\"name\":\"Anopri\",\"description\":\"Le num\u00e9ro 1 du E-commerce au Cameroun\",\"publisher\":{\"@id\":\"https:\/\/www.anopri.com\/#organization\"},\"potentialAction\":[{\"@type\":\"SearchAction\",\"target\":{\"@type\":\"EntryPoint\",\"urlTemplate\":\"https:\/\/www.anopri.com\/?s={search_term_string}\"},\"query-input\":\"required name=search_term_string\"}],\"inLanguage\":\"fr-FR\"},{\"@type\":\"Organization\",\"@id\":\"https:\/\/www.anopri.com\/#organization\",\"name\":\"Anopri\",\"url\":\"https:\/\/www.anopri.com\/\",\"logo\":{\"@type\":\"ImageObject\",\"inLanguage\":\"fr-FR\",\"@id\":\"https:\/\/www.anopri.com\/#\/schema\/logo\/image\/\",\"url\":\"https:\/\/www.anopri.com\/wp-content\/uploads\/2021\/12\/logo_anopris-removebg-preview-pihrepl4a7wbf4ckedruxkg3fixsgydq3o170682d0.png\",\"contentUrl\":\"https:\/\/www.anopri.com\/wp-content\/uploads\/2021\/12\/logo_anopris-removebg-preview-pihrepl4a7wbf4ckedruxkg3fixsgydq3o170682d0.png\",\"width\":136,\"height\":50,\"caption\":\"Anopri\"},\"image\":{\"@id\":\"https:\/\/www.anopri.com\/#\/schema\/logo\/image\/\"},\"sameAs\":[\"https:\/\/web.facebook.com\/profile.php?id=100080248592655\"]}]}<\/script>\n<!-- \/ Yoast SEO Premium plugin. -->","yoast_head_json":{"title":"TV Smart LG 75 pouces UHD AI - 75UT80006LA - Anopri","robots":{"index":"index","follow":"follow","max-snippet":"max-snippet:-1","max-image-preview":"max-image-preview:large","max-video-preview":"max-video-preview:-1"},"canonical":"https:\/\/www.anopri.com\/?product=tv-smart-lg-75-pouces-uhd-ai-75ut80006la","og_locale":"fr_FR","og_type":"article","og_title":"TV Smart LG 75 pouces UHD AI - 75UT80006LA","og_description":"Type de produit :T\u00e9l\u00e9viseur\u00a0 smart    Marque : LG    Mod\u00e8le :\u00a075UT80006LA    Type d'affichage : 4K UHD LED    R\u00e9solution d'affichage : 3840 x 2160 pixels    R\u00e9tro\u00e9clairage : Direct LED    Taux de rafra\u00eechissement : 60 Hz natif    Technologies HDR : HDR10 \/ HLG    Mise \u00e0 l\u2019\u00e9chelle AI : Upscaling 4K    Mode Filmmaker : Oui    Syst\u00e8me d\u2019exploitation : webOS 24    LG ThinQ AI : Oui    Compatibilit\u00e9 cam\u00e9ra USB : Oui    Puissance de sortie : 20 W    Syst\u00e8me audio : 2.0 canaux    LG Sound Sync : Oui    Port USB : 2 ports (v 2.0)    Wi-Fi : Oui (Wi-Fi 5)    Bluetooth : Oui (v 5.1)    Entr\u00e9e Ethernet : 1 port","og_url":"https:\/\/www.anopri.com\/?product=tv-smart-lg-75-pouces-uhd-ai-75ut80006la","og_site_name":"Anopri","article_publisher":"https:\/\/web.facebook.com\/profile.php?id=100080248592655","article_modified_time":"2025-11-12T12:23:30+00:00","og_image":[{"width":757,"height":477,"url":"https:\/\/www.anopri.com\/wp-content\/uploads\/2025\/11\/thumb_949686_tv_front_big.webp","type":"image\/webp"}],"twitter_card":"summary_large_image","twitter_misc":{"Dur\u00e9e de lecture estim\u00e9e":"1 minute"},"schema":{"@context":"https:\/\/schema.org","@graph":[{"@type":"WebPage","@id":"https:\/\/www.anopri.com\/?product=tv-smart-lg-75-pouces-uhd-ai-75ut80006la","url":"https:\/\/www.anopri.com\/?product=tv-smart-lg-75-pouces-uhd-ai-75ut80006la","name":"TV Smart LG 75 pouces UHD AI - 75UT80006LA - Anopri","isPartOf":{"@id":"https:\/\/www.anopri.com\/#website"},"datePublished":"2025-11-12T12:23:29+00:00","dateModified":"2025-11-12T12:23:30+00:00","breadcrumb":{"@id":"https:\/\/www.anopri.com\/?product=tv-smart-lg-75-pouces-uhd-ai-75ut80006la#breadcrumb"},"inLanguage":"fr-FR","potentialAction":[{"@type":"ReadAction","target":["https:\/\/www.anopri.com\/?product=tv-smart-lg-75-pouces-uhd-ai-75ut80006la"]}]},{"@type":"BreadcrumbList","@id":"https:\/\/www.anopri.com\/?product=tv-smart-lg-75-pouces-uhd-ai-75ut80006la#breadcrumb","itemListElement":[{"@type":"ListItem","position":1,"name":"Home","item":"https:\/\/www.anopri.com\/"},{"@type":"ListItem","position":2,"name":"Shop","item":"https:\/\/www.anopri.com\/?page_id=9"},{"@type":"ListItem","position":3,"name":"TV Smart LG 75 pouces UHD AI &#8211; 75UT80006LA"}]},{"@type":"WebSite","@id":"https:\/\/www.anopri.com\/#website","url":"https:\/\/www.anopri.com\/","name":"Anopri","description":"Le num\u00e9ro 1 du E-commerce au Cameroun","publisher":{"@id":"https:\/\/www.anopri.com\/#organization"},"potentialAction":[{"@type":"SearchAction","target":{"@type":"EntryPoint","urlTemplate":"https:\/\/www.anopri.com\/?s={search_term_string}"},"query-input":"required name=search_term_string"}],"inLanguage":"fr-FR"},{"@type":"Organization","@id":"https:\/\/www.anopri.com\/#organization","name":"Anopri","url":"https:\/\/www.anopri.com\/","logo":{"@type":"ImageObject","inLanguage":"fr-FR","@id":"https:\/\/www.anopri.com\/#\/schema\/logo\/image\/","url":"https:\/\/www.anopri.com\/wp-content\/uploads\/2021\/12\/logo_anopris-removebg-preview-pihrepl4a7wbf4ckedruxkg3fixsgydq3o170682d0.png","contentUrl":"https:\/\/www.anopri.com\/wp-content\/uploads\/2021\/12\/logo_anopris-removebg-preview-pihrepl4a7wbf4ckedruxkg3fixsgydq3o170682d0.png","width":136,"height":50,"caption":"Anopri"},"image":{"@id":"https:\/\/www.anopri.com\/#\/schema\/logo\/image\/"},"sameAs":["https:\/\/web.facebook.com\/profile.php?id=100080248592655"]}]}},"_links":{"self":[{"href":"https:\/\/www.anopri.com\/index.php?rest_route=\/wp\/v2\/product\/19866","targetHints":{"allow":["GET"]}}],"collection":[{"href":"https:\/\/www.anopri.com\/index.php?rest_route=\/wp\/v2\/product"}],"about":[{"href":"https:\/\/www.anopri.com\/index.php?rest_route=\/wp\/v2\/types\/product"}],"replies":[{"embeddable":true,"href":"https:\/\/www.anopri.com\/index.php?rest_route=%2Fwp%2Fv2%2Fcomments&post=19866"}],"version-history":[{"count":1,"href":"https:\/\/www.anopri.com\/index.php?rest_route=\/wp\/v2\/product\/19866\/revisions"}],"predecessor-version":[{"id":19871,"href":"https:\/\/www.anopri.com\/index.php?rest_route=\/wp\/v2\/product\/19866\/revisions\/19871"}],"wp:featuredmedia":[{"embeddable":true,"href":"https:\/\/www.anopri.com\/index.php?rest_route=\/wp\/v2\/media\/19870"}],"wp:attachment":[{"href":"https:\/\/www.anopri.com\/index.php?rest_route=%2Fwp%2Fv2%2Fmedia&parent=19866"}],"wp:term":[{"taxonomy":"product_brand","embeddable":true,"href":"https:\/\/www.anopri.com\/index.php?rest_route=%2Fwp%2Fv2%2Fproduct_brand&post=19866"},{"taxonomy":"product_cat","embeddable":true,"href":"https:\/\/www.anopri.com\/index.php?rest_route=%2Fwp%2Fv2%2Fproduct_cat&post=19866"},{"taxonomy":"product_tag","embeddable":true,"href":"https:\/\/www.anopri.com\/index.php?rest_route=%2Fwp%2Fv2%2Fproduct_tag&post=19866"},{"taxonomy":"product_brands","embeddable":true,"href":"https:\/\/www.anopri.com\/index.php?rest_route=%2Fwp%2Fv2%2Fproduct_brands&post=19866"}],"curies":[{"name":"wp","href":"https:\/\/api.w.org\/{rel}","templated":true}]}}