{"id":19858,"date":"2025-11-12T13:12:30","date_gmt":"2025-11-12T12:12:30","guid":{"rendered":"https:\/\/www.anopri.com\/?post_type=product&#038;p=19858"},"modified":"2025-11-12T13:12:31","modified_gmt":"2025-11-12T12:12:31","slug":"tv-smart-lg-70-pouces-uhd-4k-70ut80006la","status":"publish","type":"product","link":"https:\/\/www.anopri.com\/?product=tv-smart-lg-70-pouces-uhd-4k-70ut80006la","title":{"rendered":"TV SMART LG 70 pouces &#8211; UHD 4K &#8211; 70UT80006LA"},"content":{"rendered":"<ul class=\"a-unordered-list a-vertical a-spacing-mini\">\n<li class=\"a-spacing-mini\"><span class=\"a-list-item\"><span dir=\"auto\">L&rsquo;Ultra HD donne \u00e0 chaque couleur une vivacit\u00e9 \u00e9clatante. Admirez des images d&rsquo;une nettet\u00e9 cristalline, d&rsquo;un r\u00e9alisme saisissant.<\/span><\/span><\/li>\n<li class=\"a-spacing-mini\"><span class=\"a-list-item\"><span dir=\"auto\">Le nouvel emballage utilise une impression monochrome et une bo\u00eete recyclable.<\/span><\/span><\/li>\n<li class=\"a-spacing-mini\"><span class=\"a-list-item\"><span dir=\"auto\">Le t\u00e9l\u00e9viseur LG UHD avec HDR10 Pro offre des niveaux de luminosit\u00e9 optimis\u00e9s pour des couleurs \u00e9clatantes et des d\u00e9tails remarquables.<\/span><\/span><\/li>\n<li class=\"a-spacing-mini\"><span class=\"a-list-item\"><span dir=\"auto\">Le t\u00e9l\u00e9viseur LG UHD r\u00e9volutionne le confort d&rsquo;utilisation gr\u00e2ce \u00e0 sa compatibilit\u00e9 avec Amazon Alexa, Apple AirPlay, HomeKit et Matter. Contr\u00f4lez facilement vos appareils connect\u00e9s et acc\u00e9dez \u00e0 des informations quasi instantan\u00e9ment par la voix.<\/span><\/span><\/li>\n<\/ul>\n","protected":false},"excerpt":{"rendered":"<ul data-start=\"2170\" data-end=\"2820\">\n<li data-start=\"2170\" data-end=\"2211\">\n<p data-start=\"2172\" data-end=\"2211\"><strong data-start=\"2172\" data-end=\"2191\">Type de produit<\/strong>\u00a0: Smart TV UHD 4K<\/p>\n<\/li>\n<li data-start=\"2212\" data-end=\"2254\">\n<p data-start=\"2214\" data-end=\"2254\"><strong data-start=\"2214\" data-end=\"2233\">Marque \/ Mod\u00e8le<\/strong>\u00a0: LG \u2013 70UT80006LA<\/p>\n<\/li>\n<li data-start=\"2255\" data-end=\"2298\">\n<p data-start=\"2257\" data-end=\"2298\"><strong data-start=\"2257\" data-end=\"2275\">Taille d\u2019\u00e9cran<\/strong>\u00a0: 70 pouces (177 cm)<\/p>\n<\/li>\n<li data-start=\"2299\" data-end=\"2343\">\n<p data-start=\"2301\" data-end=\"2343\"><strong data-start=\"2301\" data-end=\"2315\">R\u00e9solution<\/strong>\u00a0: UHD 4K (3840 \u00d7 2160 px)<\/p>\n<\/li>\n<li data-start=\"2344\" data-end=\"2412\">\n<p data-start=\"2346\" data-end=\"2412\"><strong data-start=\"2346\" data-end=\"2370\">Technologies d\u2019image<\/strong>\u00a0: HDR10 Pro, FILMMAKER MODE, HGiG, ALLM<\/p>\n<\/li>\n<li data-start=\"2413\" data-end=\"2447\">\n<p data-start=\"2415\" data-end=\"2447\"><strong data-start=\"2415\" data-end=\"2429\">Processeur<\/strong>\u00a0: \u03b15 AI 4K Gen7<\/p>\n<\/li>\n<li data-start=\"2448\" data-end=\"2500\">\n<p data-start=\"2450\" data-end=\"2500\"><strong data-start=\"2450\" data-end=\"2457\">Son<\/strong>\u00a0: AI Sound Pro, AI Acoustic Tuning, eARC<\/p>\n<\/li>\n<li data-start=\"2501\" data-end=\"2590\">\n<p data-start=\"2503\" data-end=\"2590\"><strong data-start=\"2503\" data-end=\"2529\">Syst\u00e8me d\u2019exploitation<\/strong>\u00a0: webOS24 (Programme Re:New \u2013 4 ans de mises \u00e0 jour sur 5)<\/p>\n<\/li>\n<li data-start=\"2591\" data-end=\"2654\">\n<p data-start=\"2593\" data-end=\"2654\"><strong data-start=\"2593\" data-end=\"2619\">Fonctionnalit\u00e9s gaming<\/strong>\u00a0: Game Optimizer, Game Dashboard<\/p>\n<\/li>\n<li data-start=\"2655\" data-end=\"2698\">\n<p data-start=\"2657\" data-end=\"2698\"><strong data-start=\"2657\" data-end=\"2673\">T\u00e9l\u00e9commande<\/strong>\u00a0: Magic Remote incluse (pointeur, molette, commande vocale, raccourcis)<\/p>\n<\/li>\n<li data-start=\"2699\" data-end=\"2749\">\n<p data-start=\"2701\" data-end=\"2749\"><strong data-start=\"2701\" data-end=\"2717\">Connectivit\u00e9<\/strong>\u00a0: HDMI, USB, Wi-Fi, Bluetooth<\/p>\n<\/li>\n<li data-start=\"2750\" data-end=\"2793\">\n<p data-start=\"2752\" data-end=\"2793\"><strong data-start=\"2752\" data-end=\"2762\">Design<\/strong>\u00a0: cadre extra-fin et \u00e9l\u00e9gant<\/p>\n<\/li>\n<\/ul>\n","protected":false},"featured_media":19861,"comment_status":"closed","ping_status":"closed","template":"","meta":{"_monsterinsights_skip_tracking":false,"_monsterinsights_sitenote_active":false,"_monsterinsights_sitenote_note":"","_monsterinsights_sitenote_category":0,"_bst_post_transparent":"","_bst_post_title":"","_bst_post_layout":"","_bst_post_sidebar_id":"","_bst_post_content_style":"","_bst_post_vertical_padding":"","_bst_post_feature":"","_bst_post_feature_position":"","_bst_post_header":false,"_bst_post_footer":false},"product_brand":[],"product_cat":[132,130,256],"product_tag":[],"product_brands":[],"class_list":{"0":"post-19858","1":"product","2":"type-product","3":"status-publish","4":"has-post-thumbnail","6":"product_cat-electromenager","7":"product_cat-television","8":"product_cat-televisions-smart","10":"first","11":"instock","12":"shipping-taxable","13":"purchasable","14":"product-type-simple","15":"entry","16":"content-bg","17":"loop-entry"},"yoast_head":"<!-- This site is optimized with the Yoast SEO Premium plugin v19.7 (Yoast SEO v19.14) - https:\/\/yoast.com\/wordpress\/plugins\/seo\/ -->\n<title>TV SMART LG 70 pouces - UHD 4K - 70UT80006LA - Anopri<\/title>\n<meta name=\"robots\" content=\"index, follow, max-snippet:-1, max-image-preview:large, max-video-preview:-1\" \/>\n<link rel=\"canonical\" href=\"https:\/\/www.anopri.com\/?product=tv-smart-lg-70-pouces-uhd-4k-70ut80006la\" \/>\n<meta property=\"og:locale\" content=\"fr_FR\" \/>\n<meta property=\"og:type\" content=\"article\" \/>\n<meta property=\"og:title\" content=\"TV SMART LG 70 pouces - UHD 4K - 70UT80006LA\" \/>\n<meta property=\"og:description\" content=\"Type de produit\u00a0: Smart TV UHD 4K    Marque \/ Mod\u00e8le\u00a0: LG \u2013 70UT80006LA    Taille d\u2019\u00e9cran\u00a0: 70 pouces (177 cm)    R\u00e9solution\u00a0: UHD 4K (3840 \u00d7 2160 px)    Technologies d\u2019image\u00a0: HDR10 Pro, FILMMAKER MODE, HGiG, ALLM    Processeur\u00a0: \u03b15 AI 4K Gen7    Son\u00a0: AI Sound Pro, AI Acoustic Tuning, eARC    Syst\u00e8me d\u2019exploitation\u00a0: webOS24 (Programme Re:New \u2013 4 ans de mises \u00e0 jour sur 5)    Fonctionnalit\u00e9s gaming\u00a0: Game Optimizer, Game Dashboard    T\u00e9l\u00e9commande\u00a0: Magic Remote incluse (pointeur, molette, commande vocale, raccourcis)    Connectivit\u00e9\u00a0: HDMI, USB, Wi-Fi, Bluetooth    Design\u00a0: cadre extra-fin et \u00e9l\u00e9gant\" \/>\n<meta property=\"og:url\" content=\"https:\/\/www.anopri.com\/?product=tv-smart-lg-70-pouces-uhd-4k-70ut80006la\" \/>\n<meta property=\"og:site_name\" content=\"Anopri\" \/>\n<meta property=\"article:publisher\" content=\"https:\/\/web.facebook.com\/profile.php?id=100080248592655\" \/>\n<meta property=\"article:modified_time\" content=\"2025-11-12T12:12:31+00:00\" \/>\n<meta property=\"og:image\" content=\"https:\/\/www.anopri.com\/wp-content\/uploads\/2025\/11\/71lcAcJgyaL._AC_UF10001000_QL80_.jpg\" \/>\n\t<meta property=\"og:image:width\" content=\"1000\" \/>\n\t<meta property=\"og:image:height\" content=\"625\" \/>\n\t<meta property=\"og:image:type\" content=\"image\/jpeg\" \/>\n<meta name=\"twitter:card\" content=\"summary_large_image\" \/>\n<meta name=\"twitter:label1\" content=\"Dur\u00e9e de lecture estim\u00e9e\" \/>\n\t<meta name=\"twitter:data1\" content=\"1 minute\" \/>\n<script type=\"application\/ld+json\" class=\"yoast-schema-graph\">{\"@context\":\"https:\/\/schema.org\",\"@graph\":[{\"@type\":\"WebPage\",\"@id\":\"https:\/\/www.anopri.com\/?product=tv-smart-lg-70-pouces-uhd-4k-70ut80006la\",\"url\":\"https:\/\/www.anopri.com\/?product=tv-smart-lg-70-pouces-uhd-4k-70ut80006la\",\"name\":\"TV SMART LG 70 pouces - UHD 4K - 70UT80006LA - Anopri\",\"isPartOf\":{\"@id\":\"https:\/\/www.anopri.com\/#website\"},\"datePublished\":\"2025-11-12T12:12:30+00:00\",\"dateModified\":\"2025-11-12T12:12:31+00:00\",\"breadcrumb\":{\"@id\":\"https:\/\/www.anopri.com\/?product=tv-smart-lg-70-pouces-uhd-4k-70ut80006la#breadcrumb\"},\"inLanguage\":\"fr-FR\",\"potentialAction\":[{\"@type\":\"ReadAction\",\"target\":[\"https:\/\/www.anopri.com\/?product=tv-smart-lg-70-pouces-uhd-4k-70ut80006la\"]}]},{\"@type\":\"BreadcrumbList\",\"@id\":\"https:\/\/www.anopri.com\/?product=tv-smart-lg-70-pouces-uhd-4k-70ut80006la#breadcrumb\",\"itemListElement\":[{\"@type\":\"ListItem\",\"position\":1,\"name\":\"Home\",\"item\":\"https:\/\/www.anopri.com\/\"},{\"@type\":\"ListItem\",\"position\":2,\"name\":\"Shop\",\"item\":\"https:\/\/www.anopri.com\/?page_id=9\"},{\"@type\":\"ListItem\",\"position\":3,\"name\":\"TV SMART LG 70 pouces &#8211; UHD 4K &#8211; 70UT80006LA\"}]},{\"@type\":\"WebSite\",\"@id\":\"https:\/\/www.anopri.com\/#website\",\"url\":\"https:\/\/www.anopri.com\/\",\"name\":\"Anopri\",\"description\":\"Le num\u00e9ro 1 du E-commerce au Cameroun\",\"publisher\":{\"@id\":\"https:\/\/www.anopri.com\/#organization\"},\"potentialAction\":[{\"@type\":\"SearchAction\",\"target\":{\"@type\":\"EntryPoint\",\"urlTemplate\":\"https:\/\/www.anopri.com\/?s={search_term_string}\"},\"query-input\":\"required name=search_term_string\"}],\"inLanguage\":\"fr-FR\"},{\"@type\":\"Organization\",\"@id\":\"https:\/\/www.anopri.com\/#organization\",\"name\":\"Anopri\",\"url\":\"https:\/\/www.anopri.com\/\",\"logo\":{\"@type\":\"ImageObject\",\"inLanguage\":\"fr-FR\",\"@id\":\"https:\/\/www.anopri.com\/#\/schema\/logo\/image\/\",\"url\":\"https:\/\/www.anopri.com\/wp-content\/uploads\/2021\/12\/logo_anopris-removebg-preview-pihrepl4a7wbf4ckedruxkg3fixsgydq3o170682d0.png\",\"contentUrl\":\"https:\/\/www.anopri.com\/wp-content\/uploads\/2021\/12\/logo_anopris-removebg-preview-pihrepl4a7wbf4ckedruxkg3fixsgydq3o170682d0.png\",\"width\":136,\"height\":50,\"caption\":\"Anopri\"},\"image\":{\"@id\":\"https:\/\/www.anopri.com\/#\/schema\/logo\/image\/\"},\"sameAs\":[\"https:\/\/web.facebook.com\/profile.php?id=100080248592655\"]}]}<\/script>\n<!-- \/ Yoast SEO Premium plugin. -->","yoast_head_json":{"title":"TV SMART LG 70 pouces - UHD 4K - 70UT80006LA - Anopri","robots":{"index":"index","follow":"follow","max-snippet":"max-snippet:-1","max-image-preview":"max-image-preview:large","max-video-preview":"max-video-preview:-1"},"canonical":"https:\/\/www.anopri.com\/?product=tv-smart-lg-70-pouces-uhd-4k-70ut80006la","og_locale":"fr_FR","og_type":"article","og_title":"TV SMART LG 70 pouces - UHD 4K - 70UT80006LA","og_description":"Type de produit\u00a0: Smart TV UHD 4K    Marque \/ Mod\u00e8le\u00a0: LG \u2013 70UT80006LA    Taille d\u2019\u00e9cran\u00a0: 70 pouces (177 cm)    R\u00e9solution\u00a0: UHD 4K (3840 \u00d7 2160 px)    Technologies d\u2019image\u00a0: HDR10 Pro, FILMMAKER MODE, HGiG, ALLM    Processeur\u00a0: \u03b15 AI 4K Gen7    Son\u00a0: AI Sound Pro, AI Acoustic Tuning, eARC    Syst\u00e8me d\u2019exploitation\u00a0: webOS24 (Programme Re:New \u2013 4 ans de mises \u00e0 jour sur 5)    Fonctionnalit\u00e9s gaming\u00a0: Game Optimizer, Game Dashboard    T\u00e9l\u00e9commande\u00a0: Magic Remote incluse (pointeur, molette, commande vocale, raccourcis)    Connectivit\u00e9\u00a0: HDMI, USB, Wi-Fi, Bluetooth    Design\u00a0: cadre extra-fin et \u00e9l\u00e9gant","og_url":"https:\/\/www.anopri.com\/?product=tv-smart-lg-70-pouces-uhd-4k-70ut80006la","og_site_name":"Anopri","article_publisher":"https:\/\/web.facebook.com\/profile.php?id=100080248592655","article_modified_time":"2025-11-12T12:12:31+00:00","og_image":[{"width":1000,"height":625,"url":"https:\/\/www.anopri.com\/wp-content\/uploads\/2025\/11\/71lcAcJgyaL._AC_UF10001000_QL80_.jpg","type":"image\/jpeg"}],"twitter_card":"summary_large_image","twitter_misc":{"Dur\u00e9e de lecture estim\u00e9e":"1 minute"},"schema":{"@context":"https:\/\/schema.org","@graph":[{"@type":"WebPage","@id":"https:\/\/www.anopri.com\/?product=tv-smart-lg-70-pouces-uhd-4k-70ut80006la","url":"https:\/\/www.anopri.com\/?product=tv-smart-lg-70-pouces-uhd-4k-70ut80006la","name":"TV SMART LG 70 pouces - UHD 4K - 70UT80006LA - Anopri","isPartOf":{"@id":"https:\/\/www.anopri.com\/#website"},"datePublished":"2025-11-12T12:12:30+00:00","dateModified":"2025-11-12T12:12:31+00:00","breadcrumb":{"@id":"https:\/\/www.anopri.com\/?product=tv-smart-lg-70-pouces-uhd-4k-70ut80006la#breadcrumb"},"inLanguage":"fr-FR","potentialAction":[{"@type":"ReadAction","target":["https:\/\/www.anopri.com\/?product=tv-smart-lg-70-pouces-uhd-4k-70ut80006la"]}]},{"@type":"BreadcrumbList","@id":"https:\/\/www.anopri.com\/?product=tv-smart-lg-70-pouces-uhd-4k-70ut80006la#breadcrumb","itemListElement":[{"@type":"ListItem","position":1,"name":"Home","item":"https:\/\/www.anopri.com\/"},{"@type":"ListItem","position":2,"name":"Shop","item":"https:\/\/www.anopri.com\/?page_id=9"},{"@type":"ListItem","position":3,"name":"TV SMART LG 70 pouces &#8211; UHD 4K &#8211; 70UT80006LA"}]},{"@type":"WebSite","@id":"https:\/\/www.anopri.com\/#website","url":"https:\/\/www.anopri.com\/","name":"Anopri","description":"Le num\u00e9ro 1 du E-commerce au Cameroun","publisher":{"@id":"https:\/\/www.anopri.com\/#organization"},"potentialAction":[{"@type":"SearchAction","target":{"@type":"EntryPoint","urlTemplate":"https:\/\/www.anopri.com\/?s={search_term_string}"},"query-input":"required name=search_term_string"}],"inLanguage":"fr-FR"},{"@type":"Organization","@id":"https:\/\/www.anopri.com\/#organization","name":"Anopri","url":"https:\/\/www.anopri.com\/","logo":{"@type":"ImageObject","inLanguage":"fr-FR","@id":"https:\/\/www.anopri.com\/#\/schema\/logo\/image\/","url":"https:\/\/www.anopri.com\/wp-content\/uploads\/2021\/12\/logo_anopris-removebg-preview-pihrepl4a7wbf4ckedruxkg3fixsgydq3o170682d0.png","contentUrl":"https:\/\/www.anopri.com\/wp-content\/uploads\/2021\/12\/logo_anopris-removebg-preview-pihrepl4a7wbf4ckedruxkg3fixsgydq3o170682d0.png","width":136,"height":50,"caption":"Anopri"},"image":{"@id":"https:\/\/www.anopri.com\/#\/schema\/logo\/image\/"},"sameAs":["https:\/\/web.facebook.com\/profile.php?id=100080248592655"]}]}},"_links":{"self":[{"href":"https:\/\/www.anopri.com\/index.php?rest_route=\/wp\/v2\/product\/19858","targetHints":{"allow":["GET"]}}],"collection":[{"href":"https:\/\/www.anopri.com\/index.php?rest_route=\/wp\/v2\/product"}],"about":[{"href":"https:\/\/www.anopri.com\/index.php?rest_route=\/wp\/v2\/types\/product"}],"replies":[{"embeddable":true,"href":"https:\/\/www.anopri.com\/index.php?rest_route=%2Fwp%2Fv2%2Fcomments&post=19858"}],"version-history":[{"count":1,"href":"https:\/\/www.anopri.com\/index.php?rest_route=\/wp\/v2\/product\/19858\/revisions"}],"predecessor-version":[{"id":19865,"href":"https:\/\/www.anopri.com\/index.php?rest_route=\/wp\/v2\/product\/19858\/revisions\/19865"}],"wp:featuredmedia":[{"embeddable":true,"href":"https:\/\/www.anopri.com\/index.php?rest_route=\/wp\/v2\/media\/19861"}],"wp:attachment":[{"href":"https:\/\/www.anopri.com\/index.php?rest_route=%2Fwp%2Fv2%2Fmedia&parent=19858"}],"wp:term":[{"taxonomy":"product_brand","embeddable":true,"href":"https:\/\/www.anopri.com\/index.php?rest_route=%2Fwp%2Fv2%2Fproduct_brand&post=19858"},{"taxonomy":"product_cat","embeddable":true,"href":"https:\/\/www.anopri.com\/index.php?rest_route=%2Fwp%2Fv2%2Fproduct_cat&post=19858"},{"taxonomy":"product_tag","embeddable":true,"href":"https:\/\/www.anopri.com\/index.php?rest_route=%2Fwp%2Fv2%2Fproduct_tag&post=19858"},{"taxonomy":"product_brands","embeddable":true,"href":"https:\/\/www.anopri.com\/index.php?rest_route=%2Fwp%2Fv2%2Fproduct_brands&post=19858"}],"curies":[{"name":"wp","href":"https:\/\/api.w.org\/{rel}","templated":true}]}}