{"id":19848,"date":"2025-11-12T12:42:23","date_gmt":"2025-11-12T11:42:23","guid":{"rendered":"https:\/\/www.anopri.com\/?post_type=product&#038;p=19848"},"modified":"2025-11-12T12:42:24","modified_gmt":"2025-11-12T11:42:24","slug":"tv-smart-lg-65-pouces-4k-65ut73006la","status":"publish","type":"product","link":"https:\/\/www.anopri.com\/?product=tv-smart-lg-65-pouces-4k-65ut73006la","title":{"rendered":"TV Smart LG &#8211; 65 pouces &#8211; 4K 65UT73006LA"},"content":{"rendered":"<p>Une qualit\u00e9 d\u2019image remarquable \u2022\u00a0 Un puissant processeur, con\u00e7u par LG, pour sublimer l\u2019image et r\u00e9v\u00e9ler chaque d\u00e9tails de la sc\u00e8ne \u2022 Des contrastes et une luminosit\u00e9 intenses avec le HDR10 Pro \u2013 WebOS 24, une interface ultra personnalis\u00e9e: \u2022 Des mises \u00e0 jour de l&rsquo;interface WebOS pendant 5 ans \u2022 Acc\u00e8s instantan\u00e9 \u00e0 toutes vos applications pr\u00e9f\u00e9r\u00e9es (Netflix, Disney+, CANAL+..). Une interface personnalis\u00e9e gr\u00e2ce \u00e0 la fonctionnalit\u00e9 Mon profil.<\/p>\n","protected":false},"excerpt":{"rendered":"<table>\n<tbody>\n<tr>\n<td>Taille \u00e9cran \/ technologie<\/td>\n<td>65 pouces \/ LED UHD 4K<\/td>\n<\/tr>\n<tr>\n<td>R\u00e9solution<\/td>\n<td>3840 \u00d7 2160 (4K)<\/td>\n<\/tr>\n<tr>\n<td>R\u00e9tro\u00e9clairage<\/td>\n<td><a href=\"https:\/\/electromall.ma\/produit\/tv-lg-led-43ut73006la-43p-smart-uhd-4k\/\">LED<\/a><\/td>\n<\/tr>\n<tr>\n<th colspan=\"2\">Image &amp; Traitement<\/th>\n<\/tr>\n<tr>\n<td>Technologie AI<\/td>\n<td>Intelligence Artificielle int\u00e9gr\u00e9e<\/td>\n<\/tr>\n<tr>\n<th colspan=\"2\">Smart TV &amp; Contr\u00f4le<\/th>\n<\/tr>\n<tr>\n<td>Syst\u00e8me d\u2019exploitation<\/td>\n<td><a href=\"https:\/\/www.lg.com\/africa_fr\/television\/lg-43uq80006ld\">webOS<\/a>\u00a0(version r\u00e9cente)<\/td>\n<\/tr>\n<tr>\n<td>Applications<\/td>\n<td>Netflix, YouTube, et plus<\/td>\n<\/tr>\n<tr>\n<td>Contr\u00f4le vocal<\/td>\n<td>Compatible Alexa, Google Assistant<\/td>\n<\/tr>\n<tr>\n<th colspan=\"2\">Gaming<\/th>\n<\/tr>\n<tr>\n<td>Mode jeu<\/td>\n<td>Faible latence, rafra\u00eechissement rapide<\/td>\n<\/tr>\n<tr>\n<th colspan=\"2\">Connectivit\u00e9<\/th>\n<\/tr>\n<tr>\n<td>Wi-Fi int\u00e9gr\u00e9<\/td>\n<td>Oui<\/td>\n<\/tr>\n<tr>\n<td>Bluetooth<\/td>\n<td>Oui<\/td>\n<\/tr>\n<tr>\n<td>Ports HDMI<\/td>\n<td>Multiples<\/td>\n<\/tr>\n<tr>\n<td>Ports USB<\/td>\n<td>Multiples<\/td>\n<\/tr>\n<\/tbody>\n<\/table>\n","protected":false},"featured_media":19855,"comment_status":"closed","ping_status":"closed","template":"","meta":{"_monsterinsights_skip_tracking":false,"_monsterinsights_sitenote_active":false,"_monsterinsights_sitenote_note":"","_monsterinsights_sitenote_category":0,"_bst_post_transparent":"","_bst_post_title":"","_bst_post_layout":"","_bst_post_sidebar_id":"","_bst_post_content_style":"","_bst_post_vertical_padding":"","_bst_post_feature":"","_bst_post_feature_position":"","_bst_post_header":false,"_bst_post_footer":false},"product_brand":[],"product_cat":[132,130,256],"product_tag":[],"product_brands":[],"class_list":{"0":"post-19848","1":"product","2":"type-product","3":"status-publish","4":"has-post-thumbnail","6":"product_cat-electromenager","7":"product_cat-television","8":"product_cat-televisions-smart","10":"first","11":"instock","12":"shipping-taxable","13":"purchasable","14":"product-type-simple","15":"entry","16":"content-bg","17":"loop-entry"},"yoast_head":"<!-- This site is optimized with the Yoast SEO Premium plugin v19.7 (Yoast SEO v19.14) - https:\/\/yoast.com\/wordpress\/plugins\/seo\/ -->\n<title>TV Smart LG - 65 pouces - 4K 65UT73006LA - Anopri<\/title>\n<meta name=\"robots\" content=\"index, follow, max-snippet:-1, max-image-preview:large, max-video-preview:-1\" \/>\n<link rel=\"canonical\" href=\"https:\/\/www.anopri.com\/?product=tv-smart-lg-65-pouces-4k-65ut73006la\" \/>\n<meta property=\"og:locale\" content=\"fr_FR\" \/>\n<meta property=\"og:type\" content=\"article\" \/>\n<meta property=\"og:title\" content=\"TV Smart LG - 65 pouces - 4K 65UT73006LA\" \/>\n<meta property=\"og:description\" content=\"Taille \u00e9cran \/ technologie 65 pouces \/ LED UHD 4K   R\u00e9solution 3840 \u00d7 2160 (4K)   R\u00e9tro\u00e9clairage LED   Image &amp; Traitement   Technologie AI Intelligence Artificielle int\u00e9gr\u00e9e   Smart TV &amp; Contr\u00f4le   Syst\u00e8me d\u2019exploitation webOS\u00a0(version r\u00e9cente)   Applications Netflix, YouTube, et plus   Contr\u00f4le vocal Compatible Alexa, Google Assistant   Gaming   Mode jeu Faible latence, rafra\u00eechissement rapide   Connectivit\u00e9   Wi-Fi int\u00e9gr\u00e9 Oui   Bluetooth Oui   Ports HDMI Multiples   Ports USB Multiples\" \/>\n<meta property=\"og:url\" content=\"https:\/\/www.anopri.com\/?product=tv-smart-lg-65-pouces-4k-65ut73006la\" \/>\n<meta property=\"og:site_name\" content=\"Anopri\" \/>\n<meta property=\"article:publisher\" content=\"https:\/\/web.facebook.com\/profile.php?id=100080248592655\" \/>\n<meta property=\"article:modified_time\" content=\"2025-11-12T11:42:24+00:00\" \/>\n<meta property=\"og:image\" content=\"https:\/\/www.anopri.com\/wp-content\/uploads\/2025\/11\/thum-1600x1062-1.jpeg\" \/>\n\t<meta property=\"og:image:width\" content=\"1600\" \/>\n\t<meta property=\"og:image:height\" content=\"1062\" \/>\n\t<meta property=\"og:image:type\" content=\"image\/jpeg\" \/>\n<meta name=\"twitter:card\" content=\"summary_large_image\" \/>\n<meta name=\"twitter:label1\" content=\"Dur\u00e9e de lecture estim\u00e9e\" \/>\n\t<meta name=\"twitter:data1\" content=\"1 minute\" \/>\n<script type=\"application\/ld+json\" class=\"yoast-schema-graph\">{\"@context\":\"https:\/\/schema.org\",\"@graph\":[{\"@type\":\"WebPage\",\"@id\":\"https:\/\/www.anopri.com\/?product=tv-smart-lg-65-pouces-4k-65ut73006la\",\"url\":\"https:\/\/www.anopri.com\/?product=tv-smart-lg-65-pouces-4k-65ut73006la\",\"name\":\"TV Smart LG - 65 pouces - 4K 65UT73006LA - Anopri\",\"isPartOf\":{\"@id\":\"https:\/\/www.anopri.com\/#website\"},\"datePublished\":\"2025-11-12T11:42:23+00:00\",\"dateModified\":\"2025-11-12T11:42:24+00:00\",\"breadcrumb\":{\"@id\":\"https:\/\/www.anopri.com\/?product=tv-smart-lg-65-pouces-4k-65ut73006la#breadcrumb\"},\"inLanguage\":\"fr-FR\",\"potentialAction\":[{\"@type\":\"ReadAction\",\"target\":[\"https:\/\/www.anopri.com\/?product=tv-smart-lg-65-pouces-4k-65ut73006la\"]}]},{\"@type\":\"BreadcrumbList\",\"@id\":\"https:\/\/www.anopri.com\/?product=tv-smart-lg-65-pouces-4k-65ut73006la#breadcrumb\",\"itemListElement\":[{\"@type\":\"ListItem\",\"position\":1,\"name\":\"Home\",\"item\":\"https:\/\/www.anopri.com\/\"},{\"@type\":\"ListItem\",\"position\":2,\"name\":\"Shop\",\"item\":\"https:\/\/www.anopri.com\/?page_id=9\"},{\"@type\":\"ListItem\",\"position\":3,\"name\":\"TV Smart LG &#8211; 65 pouces &#8211; 4K 65UT73006LA\"}]},{\"@type\":\"WebSite\",\"@id\":\"https:\/\/www.anopri.com\/#website\",\"url\":\"https:\/\/www.anopri.com\/\",\"name\":\"Anopri\",\"description\":\"Le num\u00e9ro 1 du E-commerce au Cameroun\",\"publisher\":{\"@id\":\"https:\/\/www.anopri.com\/#organization\"},\"potentialAction\":[{\"@type\":\"SearchAction\",\"target\":{\"@type\":\"EntryPoint\",\"urlTemplate\":\"https:\/\/www.anopri.com\/?s={search_term_string}\"},\"query-input\":\"required name=search_term_string\"}],\"inLanguage\":\"fr-FR\"},{\"@type\":\"Organization\",\"@id\":\"https:\/\/www.anopri.com\/#organization\",\"name\":\"Anopri\",\"url\":\"https:\/\/www.anopri.com\/\",\"logo\":{\"@type\":\"ImageObject\",\"inLanguage\":\"fr-FR\",\"@id\":\"https:\/\/www.anopri.com\/#\/schema\/logo\/image\/\",\"url\":\"https:\/\/www.anopri.com\/wp-content\/uploads\/2021\/12\/logo_anopris-removebg-preview-pihrepl4a7wbf4ckedruxkg3fixsgydq3o170682d0.png\",\"contentUrl\":\"https:\/\/www.anopri.com\/wp-content\/uploads\/2021\/12\/logo_anopris-removebg-preview-pihrepl4a7wbf4ckedruxkg3fixsgydq3o170682d0.png\",\"width\":136,\"height\":50,\"caption\":\"Anopri\"},\"image\":{\"@id\":\"https:\/\/www.anopri.com\/#\/schema\/logo\/image\/\"},\"sameAs\":[\"https:\/\/web.facebook.com\/profile.php?id=100080248592655\"]}]}<\/script>\n<!-- \/ Yoast SEO Premium plugin. -->","yoast_head_json":{"title":"TV Smart LG - 65 pouces - 4K 65UT73006LA - Anopri","robots":{"index":"index","follow":"follow","max-snippet":"max-snippet:-1","max-image-preview":"max-image-preview:large","max-video-preview":"max-video-preview:-1"},"canonical":"https:\/\/www.anopri.com\/?product=tv-smart-lg-65-pouces-4k-65ut73006la","og_locale":"fr_FR","og_type":"article","og_title":"TV Smart LG - 65 pouces - 4K 65UT73006LA","og_description":"Taille \u00e9cran \/ technologie 65 pouces \/ LED UHD 4K   R\u00e9solution 3840 \u00d7 2160 (4K)   R\u00e9tro\u00e9clairage LED   Image &amp; Traitement   Technologie AI Intelligence Artificielle int\u00e9gr\u00e9e   Smart TV &amp; Contr\u00f4le   Syst\u00e8me d\u2019exploitation webOS\u00a0(version r\u00e9cente)   Applications Netflix, YouTube, et plus   Contr\u00f4le vocal Compatible Alexa, Google Assistant   Gaming   Mode jeu Faible latence, rafra\u00eechissement rapide   Connectivit\u00e9   Wi-Fi int\u00e9gr\u00e9 Oui   Bluetooth Oui   Ports HDMI Multiples   Ports USB Multiples","og_url":"https:\/\/www.anopri.com\/?product=tv-smart-lg-65-pouces-4k-65ut73006la","og_site_name":"Anopri","article_publisher":"https:\/\/web.facebook.com\/profile.php?id=100080248592655","article_modified_time":"2025-11-12T11:42:24+00:00","og_image":[{"width":1600,"height":1062,"url":"https:\/\/www.anopri.com\/wp-content\/uploads\/2025\/11\/thum-1600x1062-1.jpeg","type":"image\/jpeg"}],"twitter_card":"summary_large_image","twitter_misc":{"Dur\u00e9e de lecture estim\u00e9e":"1 minute"},"schema":{"@context":"https:\/\/schema.org","@graph":[{"@type":"WebPage","@id":"https:\/\/www.anopri.com\/?product=tv-smart-lg-65-pouces-4k-65ut73006la","url":"https:\/\/www.anopri.com\/?product=tv-smart-lg-65-pouces-4k-65ut73006la","name":"TV Smart LG - 65 pouces - 4K 65UT73006LA - Anopri","isPartOf":{"@id":"https:\/\/www.anopri.com\/#website"},"datePublished":"2025-11-12T11:42:23+00:00","dateModified":"2025-11-12T11:42:24+00:00","breadcrumb":{"@id":"https:\/\/www.anopri.com\/?product=tv-smart-lg-65-pouces-4k-65ut73006la#breadcrumb"},"inLanguage":"fr-FR","potentialAction":[{"@type":"ReadAction","target":["https:\/\/www.anopri.com\/?product=tv-smart-lg-65-pouces-4k-65ut73006la"]}]},{"@type":"BreadcrumbList","@id":"https:\/\/www.anopri.com\/?product=tv-smart-lg-65-pouces-4k-65ut73006la#breadcrumb","itemListElement":[{"@type":"ListItem","position":1,"name":"Home","item":"https:\/\/www.anopri.com\/"},{"@type":"ListItem","position":2,"name":"Shop","item":"https:\/\/www.anopri.com\/?page_id=9"},{"@type":"ListItem","position":3,"name":"TV Smart LG &#8211; 65 pouces &#8211; 4K 65UT73006LA"}]},{"@type":"WebSite","@id":"https:\/\/www.anopri.com\/#website","url":"https:\/\/www.anopri.com\/","name":"Anopri","description":"Le num\u00e9ro 1 du E-commerce au Cameroun","publisher":{"@id":"https:\/\/www.anopri.com\/#organization"},"potentialAction":[{"@type":"SearchAction","target":{"@type":"EntryPoint","urlTemplate":"https:\/\/www.anopri.com\/?s={search_term_string}"},"query-input":"required name=search_term_string"}],"inLanguage":"fr-FR"},{"@type":"Organization","@id":"https:\/\/www.anopri.com\/#organization","name":"Anopri","url":"https:\/\/www.anopri.com\/","logo":{"@type":"ImageObject","inLanguage":"fr-FR","@id":"https:\/\/www.anopri.com\/#\/schema\/logo\/image\/","url":"https:\/\/www.anopri.com\/wp-content\/uploads\/2021\/12\/logo_anopris-removebg-preview-pihrepl4a7wbf4ckedruxkg3fixsgydq3o170682d0.png","contentUrl":"https:\/\/www.anopri.com\/wp-content\/uploads\/2021\/12\/logo_anopris-removebg-preview-pihrepl4a7wbf4ckedruxkg3fixsgydq3o170682d0.png","width":136,"height":50,"caption":"Anopri"},"image":{"@id":"https:\/\/www.anopri.com\/#\/schema\/logo\/image\/"},"sameAs":["https:\/\/web.facebook.com\/profile.php?id=100080248592655"]}]}},"_links":{"self":[{"href":"https:\/\/www.anopri.com\/index.php?rest_route=\/wp\/v2\/product\/19848","targetHints":{"allow":["GET"]}}],"collection":[{"href":"https:\/\/www.anopri.com\/index.php?rest_route=\/wp\/v2\/product"}],"about":[{"href":"https:\/\/www.anopri.com\/index.php?rest_route=\/wp\/v2\/types\/product"}],"replies":[{"embeddable":true,"href":"https:\/\/www.anopri.com\/index.php?rest_route=%2Fwp%2Fv2%2Fcomments&post=19848"}],"version-history":[{"count":2,"href":"https:\/\/www.anopri.com\/index.php?rest_route=\/wp\/v2\/product\/19848\/revisions"}],"predecessor-version":[{"id":19859,"href":"https:\/\/www.anopri.com\/index.php?rest_route=\/wp\/v2\/product\/19848\/revisions\/19859"}],"wp:featuredmedia":[{"embeddable":true,"href":"https:\/\/www.anopri.com\/index.php?rest_route=\/wp\/v2\/media\/19855"}],"wp:attachment":[{"href":"https:\/\/www.anopri.com\/index.php?rest_route=%2Fwp%2Fv2%2Fmedia&parent=19848"}],"wp:term":[{"taxonomy":"product_brand","embeddable":true,"href":"https:\/\/www.anopri.com\/index.php?rest_route=%2Fwp%2Fv2%2Fproduct_brand&post=19848"},{"taxonomy":"product_cat","embeddable":true,"href":"https:\/\/www.anopri.com\/index.php?rest_route=%2Fwp%2Fv2%2Fproduct_cat&post=19848"},{"taxonomy":"product_tag","embeddable":true,"href":"https:\/\/www.anopri.com\/index.php?rest_route=%2Fwp%2Fv2%2Fproduct_tag&post=19848"},{"taxonomy":"product_brands","embeddable":true,"href":"https:\/\/www.anopri.com\/index.php?rest_route=%2Fwp%2Fv2%2Fproduct_brands&post=19848"}],"curies":[{"name":"wp","href":"https:\/\/api.w.org\/{rel}","templated":true}]}}