{"id":19840,"date":"2025-11-10T19:01:49","date_gmt":"2025-11-10T18:01:49","guid":{"rendered":"https:\/\/www.anopri.com\/?post_type=product&#038;p=19840"},"modified":"2025-11-10T19:01:50","modified_gmt":"2025-11-10T18:01:50","slug":"tv-smart-lg-uhd-4k-55-pouces-55ur73006la","status":"publish","type":"product","link":"https:\/\/www.anopri.com\/?product=tv-smart-lg-uhd-4k-55-pouces-55ur73006la","title":{"rendered":"TV Smart LG UHD 4K &#8211; 55 pouces &#8211; 55UR73006LA"},"content":{"rendered":"<div class=\"Y3BBE\" data-sfc-cp=\"\" data-hveid=\"CAIQAA\" data-complete=\"true\" data-processed=\"true\">Le\u00a0<strong class=\"Yjhzub\" data-complete=\"true\" data-processed=\"true\"><span class=\"T286Pc\" data-sfc-cp=\"\" data-complete=\"true\" data-processed=\"true\">LG 55UR73006LA<\/span><\/strong>\u00a0est un\u00a0<strong><mark class=\"HxTRcb\" data-complete=\"true\" data-sae=\"\">t\u00e9l\u00e9viseur intelligent 4K UHD de 55 pouces (139,7 cm) de la s\u00e9rie UR73, sorti en 2023<\/mark><\/strong>. Il offre une qualit\u00e9 d&rsquo;image nette et des fonctionnalit\u00e9s intelligentes, notamment le processeur \u03b15 AI 4K Gen6 et le syst\u00e8me d&rsquo;exploitation webOS 23.<span class=\"uJ19be notranslate\" data-wiz-uids=\"CJ9wJc_g,CJ9wJc_h\" data-complete=\"true\" data-processed=\"true\"><span class=\"vKEkVd\" data-animation-atomic=\"\" data-sae=\"\">\u00a0<button class=\"rBl3me\" tabindex=\"0\" data-amic=\"true\" data-icl-uuid=\"0e7bdd96-0c17-46b7-8499-feb1cc1418d9\" aria-label=\"Afficher les liens associ\u00e9s\" data-wiz-attrbind=\"disabled=CJ9wJc_g_C5gNJc;class=CJ9wJc_g_UpSNec;\" data-ved=\"2ahUKEwisz5axk-iQAxWTs5UCHbvPI0IQye0OegQIAhAC\"><\/button><\/span><\/span><\/div>\n<div class=\"Fsg96\" data-sfc-cp=\"\" data-complete=\"true\" data-processed=\"true\"><\/div>\n<div class=\"otQkpb\" role=\"heading\" aria-level=\"3\" data-animation-nesting=\"\" data-sfc-cp=\"\" data-processed=\"true\" data-sae=\"\" data-complete=\"true\"><strong>Caract\u00e9ristiques principales<\/strong><button class=\"rBl3me\" tabindex=\"0\" data-amic=\"true\" data-icl-uuid=\"b8cc1079-1ca4-46c3-9a61-bbc6cd53e72f\" aria-label=\"Afficher les liens associ\u00e9s\" data-wiz-attrbind=\"disabled=CJ9wJc_m_C5gNJc;class=CJ9wJc_m_UpSNec;\" data-ved=\"2ahUKEwisz5axk-iQAxWTs5UCHbvPI0IQye0OegQIAxAA\"><\/button><\/div>\n<ul class=\"KsbFXc U6u95\" data-complete=\"true\" data-processed=\"true\">\n<li style=\"list-style-type: none;\">\n<ul class=\"KsbFXc U6u95\" data-complete=\"true\" data-processed=\"true\">\n<li data-hveid=\"CAQQAA\" data-complete=\"true\" data-sae=\"\"><span class=\"T286Pc\" data-sfc-cp=\"\" data-complete=\"true\"><strong class=\"Yjhzub\" data-complete=\"true\">\u00c9cran :<\/strong>\u00a055 pouces (139,7 cm) avec une r\u00e9solution 4K Ultra HD (3840 x 2160 pixels).<\/span><\/li>\n<li data-hveid=\"CAQQAQ\" data-complete=\"true\" data-sae=\"\"><span class=\"T286Pc\" data-sfc-cp=\"\" data-complete=\"true\"><strong class=\"Yjhzub\" data-complete=\"true\">Technologie d&rsquo;affichage :<\/strong>\u00a0\u00c9cran LED direct IPS avec une fr\u00e9quence de rafra\u00eechissement native de 60 Hz.<\/span><\/li>\n<li data-hveid=\"CAQQAg\" data-complete=\"true\" data-sae=\"\"><span class=\"T286Pc\" data-sfc-cp=\"\" data-complete=\"true\"><strong class=\"Yjhzub\" data-complete=\"true\">Qualit\u00e9 d&rsquo;image :<\/strong><\/span>\n<ul class=\"KsbFXc U6u95\" data-complete=\"true\">\n<li data-hveid=\"CAQQAw\" data-complete=\"true\" data-sae=\"\"><span class=\"T286Pc\" data-sfc-cp=\"\" data-complete=\"true\">Prend en charge les formats HDR10 Pro et HLG pour un meilleur contraste et des couleurs vives.<\/span><\/li>\n<li data-hveid=\"CAQQBA\" data-complete=\"true\" data-sae=\"\"><span class=\"T286Pc\" data-sfc-cp=\"\" data-complete=\"true\">Mode FILMMAKER pour reproduire les films tels qu&rsquo;ils ont \u00e9t\u00e9 con\u00e7us.<\/span><\/li>\n<li data-hveid=\"CAQQBQ\" data-complete=\"true\" data-sae=\"\"><span class=\"T286Pc\" data-sfc-cp=\"\" data-complete=\"true\">Processeur \u03b15 AI 4K Gen6 pour un traitement de l&rsquo;image optimis\u00e9.<\/span><\/li>\n<\/ul>\n<\/li>\n<li data-hveid=\"CAQQBg\" data-complete=\"true\" data-sae=\"\"><span class=\"T286Pc\" data-sfc-cp=\"\" data-complete=\"true\"><strong class=\"Yjhzub\" data-complete=\"true\">Fonctionnalit\u00e9s intelligentes :<\/strong><\/span>\n<ul class=\"KsbFXc U6u95\" data-complete=\"true\">\n<li data-hveid=\"CAQQBw\" data-complete=\"true\" data-sae=\"\"><span class=\"T286Pc\" data-sfc-cp=\"\" data-complete=\"true\"><strong class=\"Yjhzub\" data-complete=\"true\">Syst\u00e8me d&rsquo;exploitation :<\/strong>\u00a0webOS 23 avec une interface conviviale.<\/span><\/li>\n<li data-hveid=\"CAQQCA\" data-complete=\"true\" data-sae=\"\"><span class=\"T286Pc\" data-sfc-cp=\"\" data-complete=\"true\"><strong class=\"Yjhzub\" data-complete=\"true\">Assistant intelligent :<\/strong>\u00a0Int\u00e9gration de ThinQ AI pour la commande vocale.<\/span><\/li>\n<li data-hveid=\"CAQQCQ\" data-complete=\"true\" data-sae=\"\"><span class=\"T286Pc\" data-sfc-cp=\"\" data-complete=\"true\"><strong class=\"Yjhzub\" data-complete=\"true\">Connectivit\u00e9 :<\/strong>\u00a0Compatible avec Apple AirPlay, HomeKit et Matter.<\/span><\/li>\n<li data-hveid=\"CAQQCg\" data-complete=\"true\" data-sae=\"\"><span class=\"T286Pc\" data-sfc-cp=\"\" data-complete=\"true\"><strong class=\"Yjhzub\" data-complete=\"true\">Applications de streaming :<\/strong>\u00a0Acc\u00e8s \u00e0 des plateformes comme Netflix, Apple TV+ et Disney+.<\/span><\/li>\n<\/ul>\n<\/li>\n<\/ul>\n<\/li>\n<\/ul>\n","protected":false},"excerpt":{"rendered":"<ul>\n<li>\n<h3>Type de produit : Smart TV\u00a0 LG UHD 4K<\/h3>\n<\/li>\n<li>\n<h3>Marque : LG<\/h3>\n<\/li>\n<li>\n<h3>Mod\u00e8le : LG &#8211; 55UR73006LA<\/h3>\n<\/li>\n<li>\n<h3>Taille \u00c9cran : 55 pouces<\/h3>\n<\/li>\n<li>\n<h3>R\u00e9solution :3840 \u00d7 2160<\/h3>\n<\/li>\n<li>\n<h3>Processeur d&rsquo;image : \u03b15 AI<\/h3>\n<\/li>\n<li>\n<h3>Processor 4K Gen6HDR (gamme dynamique \u00e9lev\u00e9e) : HDR10 \/ HLG<\/h3>\n<\/li>\n<li>\n<h3>Poids du t\u00e9l\u00e9viseur sans support : 9,6La t\u00e9l\u00e9commande magique<\/h3>\n<\/li>\n<li>\n<h3>Connectivit\u00e9 : HDMI 3, USB 2, Bluetooth, wifi, antenne, c\u00e2ble<\/h3>\n<\/li>\n<li>\n<h3>Tension\/Fr\u00e9quence : 110-220 VOLTS<\/h3>\n<\/li>\n<li>\n<h3>Consommation d&rsquo;\u00c9nergie : 150W<\/h3>\n<\/li>\n<li>\n<h3>Couleur : Noir<\/h3>\n<\/li>\n<\/ul>\n","protected":false},"featured_media":19842,"comment_status":"closed","ping_status":"closed","template":"","meta":{"_monsterinsights_skip_tracking":false,"_monsterinsights_sitenote_active":false,"_monsterinsights_sitenote_note":"","_monsterinsights_sitenote_category":0,"_bst_post_transparent":"","_bst_post_title":"","_bst_post_layout":"","_bst_post_sidebar_id":"","_bst_post_content_style":"","_bst_post_vertical_padding":"","_bst_post_feature":"","_bst_post_feature_position":"","_bst_post_header":false,"_bst_post_footer":false},"product_brand":[],"product_cat":[130,256],"product_tag":[],"product_brands":[],"class_list":{"0":"post-19840","1":"product","2":"type-product","3":"status-publish","4":"has-post-thumbnail","6":"product_cat-television","7":"product_cat-televisions-smart","9":"first","10":"instock","11":"shipping-taxable","12":"purchasable","13":"product-type-simple","14":"entry","15":"content-bg","16":"loop-entry"},"yoast_head":"<!-- This site is optimized with the Yoast SEO Premium plugin v19.7 (Yoast SEO v19.14) - https:\/\/yoast.com\/wordpress\/plugins\/seo\/ -->\n<title>TV Smart LG UHD 4K - 55 pouces - 55UR73006LA - Anopri<\/title>\n<meta name=\"robots\" content=\"index, follow, max-snippet:-1, max-image-preview:large, max-video-preview:-1\" \/>\n<link rel=\"canonical\" href=\"https:\/\/www.anopri.com\/?product=tv-smart-lg-uhd-4k-55-pouces-55ur73006la\" \/>\n<meta property=\"og:locale\" content=\"fr_FR\" \/>\n<meta property=\"og:type\" content=\"article\" \/>\n<meta property=\"og:title\" content=\"TV Smart LG UHD 4K - 55 pouces - 55UR73006LA\" \/>\n<meta property=\"og:description\" content=\"Type de produit : Smart TV\u00a0 LG UHD 4K    Marque : LG    Mod\u00e8le : LG - 55UR73006LA    Taille \u00c9cran : 55 pouces    R\u00e9solution :3840 \u00d7 2160    Processeur d&#039;image : \u03b15 AI    Processor 4K Gen6HDR (gamme dynamique \u00e9lev\u00e9e) : HDR10 \/ HLG    Poids du t\u00e9l\u00e9viseur sans support : 9,6La t\u00e9l\u00e9commande magique    Connectivit\u00e9 : HDMI 3, USB 2, Bluetooth, wifi, antenne, c\u00e2ble    Tension\/Fr\u00e9quence : 110-220 VOLTS    Consommation d&#039;\u00c9nergie : 150W    Couleur : Noir\" \/>\n<meta property=\"og:url\" content=\"https:\/\/www.anopri.com\/?product=tv-smart-lg-uhd-4k-55-pouces-55ur73006la\" \/>\n<meta property=\"og:site_name\" content=\"Anopri\" \/>\n<meta property=\"article:publisher\" content=\"https:\/\/web.facebook.com\/profile.php?id=100080248592655\" \/>\n<meta property=\"article:modified_time\" content=\"2025-11-10T18:01:50+00:00\" \/>\n<meta property=\"og:image\" content=\"https:\/\/www.anopri.com\/wp-content\/uploads\/2025\/11\/70_2ce72afc-6862-46c5-9b7b-06e9101f82e2_1507x1000.webp\" \/>\n\t<meta property=\"og:image:width\" content=\"1507\" \/>\n\t<meta property=\"og:image:height\" content=\"1000\" \/>\n\t<meta property=\"og:image:type\" content=\"image\/webp\" \/>\n<meta name=\"twitter:card\" content=\"summary_large_image\" \/>\n<meta name=\"twitter:label1\" content=\"Dur\u00e9e de lecture estim\u00e9e\" \/>\n\t<meta name=\"twitter:data1\" content=\"1 minute\" \/>\n<script type=\"application\/ld+json\" class=\"yoast-schema-graph\">{\"@context\":\"https:\/\/schema.org\",\"@graph\":[{\"@type\":\"WebPage\",\"@id\":\"https:\/\/www.anopri.com\/?product=tv-smart-lg-uhd-4k-55-pouces-55ur73006la\",\"url\":\"https:\/\/www.anopri.com\/?product=tv-smart-lg-uhd-4k-55-pouces-55ur73006la\",\"name\":\"TV Smart LG UHD 4K - 55 pouces - 55UR73006LA - Anopri\",\"isPartOf\":{\"@id\":\"https:\/\/www.anopri.com\/#website\"},\"datePublished\":\"2025-11-10T18:01:49+00:00\",\"dateModified\":\"2025-11-10T18:01:50+00:00\",\"breadcrumb\":{\"@id\":\"https:\/\/www.anopri.com\/?product=tv-smart-lg-uhd-4k-55-pouces-55ur73006la#breadcrumb\"},\"inLanguage\":\"fr-FR\",\"potentialAction\":[{\"@type\":\"ReadAction\",\"target\":[\"https:\/\/www.anopri.com\/?product=tv-smart-lg-uhd-4k-55-pouces-55ur73006la\"]}]},{\"@type\":\"BreadcrumbList\",\"@id\":\"https:\/\/www.anopri.com\/?product=tv-smart-lg-uhd-4k-55-pouces-55ur73006la#breadcrumb\",\"itemListElement\":[{\"@type\":\"ListItem\",\"position\":1,\"name\":\"Home\",\"item\":\"https:\/\/www.anopri.com\/\"},{\"@type\":\"ListItem\",\"position\":2,\"name\":\"Shop\",\"item\":\"https:\/\/www.anopri.com\/?page_id=9\"},{\"@type\":\"ListItem\",\"position\":3,\"name\":\"TV Smart LG UHD 4K &#8211; 55 pouces &#8211; 55UR73006LA\"}]},{\"@type\":\"WebSite\",\"@id\":\"https:\/\/www.anopri.com\/#website\",\"url\":\"https:\/\/www.anopri.com\/\",\"name\":\"Anopri\",\"description\":\"Le num\u00e9ro 1 du E-commerce au Cameroun\",\"publisher\":{\"@id\":\"https:\/\/www.anopri.com\/#organization\"},\"potentialAction\":[{\"@type\":\"SearchAction\",\"target\":{\"@type\":\"EntryPoint\",\"urlTemplate\":\"https:\/\/www.anopri.com\/?s={search_term_string}\"},\"query-input\":\"required name=search_term_string\"}],\"inLanguage\":\"fr-FR\"},{\"@type\":\"Organization\",\"@id\":\"https:\/\/www.anopri.com\/#organization\",\"name\":\"Anopri\",\"url\":\"https:\/\/www.anopri.com\/\",\"logo\":{\"@type\":\"ImageObject\",\"inLanguage\":\"fr-FR\",\"@id\":\"https:\/\/www.anopri.com\/#\/schema\/logo\/image\/\",\"url\":\"https:\/\/www.anopri.com\/wp-content\/uploads\/2021\/12\/logo_anopris-removebg-preview-pihrepl4a7wbf4ckedruxkg3fixsgydq3o170682d0.png\",\"contentUrl\":\"https:\/\/www.anopri.com\/wp-content\/uploads\/2021\/12\/logo_anopris-removebg-preview-pihrepl4a7wbf4ckedruxkg3fixsgydq3o170682d0.png\",\"width\":136,\"height\":50,\"caption\":\"Anopri\"},\"image\":{\"@id\":\"https:\/\/www.anopri.com\/#\/schema\/logo\/image\/\"},\"sameAs\":[\"https:\/\/web.facebook.com\/profile.php?id=100080248592655\"]}]}<\/script>\n<!-- \/ Yoast SEO Premium plugin. -->","yoast_head_json":{"title":"TV Smart LG UHD 4K - 55 pouces - 55UR73006LA - Anopri","robots":{"index":"index","follow":"follow","max-snippet":"max-snippet:-1","max-image-preview":"max-image-preview:large","max-video-preview":"max-video-preview:-1"},"canonical":"https:\/\/www.anopri.com\/?product=tv-smart-lg-uhd-4k-55-pouces-55ur73006la","og_locale":"fr_FR","og_type":"article","og_title":"TV Smart LG UHD 4K - 55 pouces - 55UR73006LA","og_description":"Type de produit : Smart TV\u00a0 LG UHD 4K    Marque : LG    Mod\u00e8le : LG - 55UR73006LA    Taille \u00c9cran : 55 pouces    R\u00e9solution :3840 \u00d7 2160    Processeur d'image : \u03b15 AI    Processor 4K Gen6HDR (gamme dynamique \u00e9lev\u00e9e) : HDR10 \/ HLG    Poids du t\u00e9l\u00e9viseur sans support : 9,6La t\u00e9l\u00e9commande magique    Connectivit\u00e9 : HDMI 3, USB 2, Bluetooth, wifi, antenne, c\u00e2ble    Tension\/Fr\u00e9quence : 110-220 VOLTS    Consommation d'\u00c9nergie : 150W    Couleur : Noir","og_url":"https:\/\/www.anopri.com\/?product=tv-smart-lg-uhd-4k-55-pouces-55ur73006la","og_site_name":"Anopri","article_publisher":"https:\/\/web.facebook.com\/profile.php?id=100080248592655","article_modified_time":"2025-11-10T18:01:50+00:00","og_image":[{"width":1507,"height":1000,"url":"https:\/\/www.anopri.com\/wp-content\/uploads\/2025\/11\/70_2ce72afc-6862-46c5-9b7b-06e9101f82e2_1507x1000.webp","type":"image\/webp"}],"twitter_card":"summary_large_image","twitter_misc":{"Dur\u00e9e de lecture estim\u00e9e":"1 minute"},"schema":{"@context":"https:\/\/schema.org","@graph":[{"@type":"WebPage","@id":"https:\/\/www.anopri.com\/?product=tv-smart-lg-uhd-4k-55-pouces-55ur73006la","url":"https:\/\/www.anopri.com\/?product=tv-smart-lg-uhd-4k-55-pouces-55ur73006la","name":"TV Smart LG UHD 4K - 55 pouces - 55UR73006LA - Anopri","isPartOf":{"@id":"https:\/\/www.anopri.com\/#website"},"datePublished":"2025-11-10T18:01:49+00:00","dateModified":"2025-11-10T18:01:50+00:00","breadcrumb":{"@id":"https:\/\/www.anopri.com\/?product=tv-smart-lg-uhd-4k-55-pouces-55ur73006la#breadcrumb"},"inLanguage":"fr-FR","potentialAction":[{"@type":"ReadAction","target":["https:\/\/www.anopri.com\/?product=tv-smart-lg-uhd-4k-55-pouces-55ur73006la"]}]},{"@type":"BreadcrumbList","@id":"https:\/\/www.anopri.com\/?product=tv-smart-lg-uhd-4k-55-pouces-55ur73006la#breadcrumb","itemListElement":[{"@type":"ListItem","position":1,"name":"Home","item":"https:\/\/www.anopri.com\/"},{"@type":"ListItem","position":2,"name":"Shop","item":"https:\/\/www.anopri.com\/?page_id=9"},{"@type":"ListItem","position":3,"name":"TV Smart LG UHD 4K &#8211; 55 pouces &#8211; 55UR73006LA"}]},{"@type":"WebSite","@id":"https:\/\/www.anopri.com\/#website","url":"https:\/\/www.anopri.com\/","name":"Anopri","description":"Le num\u00e9ro 1 du E-commerce au Cameroun","publisher":{"@id":"https:\/\/www.anopri.com\/#organization"},"potentialAction":[{"@type":"SearchAction","target":{"@type":"EntryPoint","urlTemplate":"https:\/\/www.anopri.com\/?s={search_term_string}"},"query-input":"required name=search_term_string"}],"inLanguage":"fr-FR"},{"@type":"Organization","@id":"https:\/\/www.anopri.com\/#organization","name":"Anopri","url":"https:\/\/www.anopri.com\/","logo":{"@type":"ImageObject","inLanguage":"fr-FR","@id":"https:\/\/www.anopri.com\/#\/schema\/logo\/image\/","url":"https:\/\/www.anopri.com\/wp-content\/uploads\/2021\/12\/logo_anopris-removebg-preview-pihrepl4a7wbf4ckedruxkg3fixsgydq3o170682d0.png","contentUrl":"https:\/\/www.anopri.com\/wp-content\/uploads\/2021\/12\/logo_anopris-removebg-preview-pihrepl4a7wbf4ckedruxkg3fixsgydq3o170682d0.png","width":136,"height":50,"caption":"Anopri"},"image":{"@id":"https:\/\/www.anopri.com\/#\/schema\/logo\/image\/"},"sameAs":["https:\/\/web.facebook.com\/profile.php?id=100080248592655"]}]}},"_links":{"self":[{"href":"https:\/\/www.anopri.com\/index.php?rest_route=\/wp\/v2\/product\/19840","targetHints":{"allow":["GET"]}}],"collection":[{"href":"https:\/\/www.anopri.com\/index.php?rest_route=\/wp\/v2\/product"}],"about":[{"href":"https:\/\/www.anopri.com\/index.php?rest_route=\/wp\/v2\/types\/product"}],"replies":[{"embeddable":true,"href":"https:\/\/www.anopri.com\/index.php?rest_route=%2Fwp%2Fv2%2Fcomments&post=19840"}],"version-history":[{"count":2,"href":"https:\/\/www.anopri.com\/index.php?rest_route=\/wp\/v2\/product\/19840\/revisions"}],"predecessor-version":[{"id":19849,"href":"https:\/\/www.anopri.com\/index.php?rest_route=\/wp\/v2\/product\/19840\/revisions\/19849"}],"wp:featuredmedia":[{"embeddable":true,"href":"https:\/\/www.anopri.com\/index.php?rest_route=\/wp\/v2\/media\/19842"}],"wp:attachment":[{"href":"https:\/\/www.anopri.com\/index.php?rest_route=%2Fwp%2Fv2%2Fmedia&parent=19840"}],"wp:term":[{"taxonomy":"product_brand","embeddable":true,"href":"https:\/\/www.anopri.com\/index.php?rest_route=%2Fwp%2Fv2%2Fproduct_brand&post=19840"},{"taxonomy":"product_cat","embeddable":true,"href":"https:\/\/www.anopri.com\/index.php?rest_route=%2Fwp%2Fv2%2Fproduct_cat&post=19840"},{"taxonomy":"product_tag","embeddable":true,"href":"https:\/\/www.anopri.com\/index.php?rest_route=%2Fwp%2Fv2%2Fproduct_tag&post=19840"},{"taxonomy":"product_brands","embeddable":true,"href":"https:\/\/www.anopri.com\/index.php?rest_route=%2Fwp%2Fv2%2Fproduct_brands&post=19840"}],"curies":[{"name":"wp","href":"https:\/\/api.w.org\/{rel}","templated":true}]}}