{"id":19833,"date":"2025-11-10T18:39:54","date_gmt":"2025-11-10T17:39:54","guid":{"rendered":"https:\/\/www.anopri.com\/?post_type=product&#038;p=19833"},"modified":"2025-11-10T18:44:05","modified_gmt":"2025-11-10T17:44:05","slug":"tv-smart-lg-nanocell-55-pouces-55nano776ra","status":"publish","type":"product","link":"https:\/\/www.anopri.com\/?product=tv-smart-lg-nanocell-55-pouces-55nano776ra","title":{"rendered":"TV Smart LG NanoCell &#8211; 55 pouces &#8211; 55NANO776RA"},"content":{"rendered":"<p>La TV Smart LG NanoCell 55 pouces est une merveille technologique con\u00e7ue pour offrir une exp\u00e9rience visuelle et sonore immersive, enrichie par des fonctionnalit\u00e9s intelligentes et une connectivit\u00e9 de pointe.<\/p>\n<p>La\u00a0<strong>technologie NanoCell<\/strong>\u00a0de LG est au c\u0153ur de cette t\u00e9l\u00e9vision, offrant une reproduction des couleurs d&rsquo;une pr\u00e9cision in\u00e9gal\u00e9e. Gr\u00e2ce \u00e0 cette technologie, chaque teinte est filtr\u00e9e pour garantir des couleurs plus vives et des images plus nettes. Cette pr\u00e9cision des couleurs est\u00a0<strong>particuli\u00e8rement appr\u00e9ci\u00e9e lors du visionnage de films et de s\u00e9ries,<\/strong>\u00a0o\u00f9 chaque d\u00e9tail compte pour une immersion totale.<\/p>\n","protected":false},"excerpt":{"rendered":"<ul>\n<li>\n<h3>Type de produit : TV smart<\/h3>\n<\/li>\n<li>\n<h3>Marque : LG<\/h3>\n<\/li>\n<li>\n<h3>Mod\u00e8le : 55NANO776RA<\/h3>\n<\/li>\n<li>\n<h3>Type d&rsquo;\u00e9cran : 4K UHD LED<\/h3>\n<\/li>\n<li>\n<h3>Taux de rafra\u00eechissement : 50Hz natif<\/h3>\n<\/li>\n<li>\n<h3>Sortie audio : 20W<\/h3>\n<\/li>\n<li>\n<h3>R\u00e9solution de l&rsquo;\u00e9cran : 4K Ultra HD (3 840 x 2 160)<\/h3>\n<\/li>\n<li>\n<h3>Syst\u00e8me de haut-parleurs : 2.0 canaux<\/h3>\n<\/li>\n<li>\n<h3>Navigateur web complet : Oui<\/h3>\n<\/li>\n<li>\n<h3>Reconnaissance vocale intelligente : Oui<\/h3>\n<\/li>\n<li>\n<h3>Application de t\u00e9l\u00e9commande pour smartphone : Oui (LG ThinQ)<\/h3>\n<\/li>\n<\/ul>\n","protected":false},"featured_media":19837,"comment_status":"closed","ping_status":"closed","template":"","meta":{"_monsterinsights_skip_tracking":false,"_monsterinsights_sitenote_active":false,"_monsterinsights_sitenote_note":"","_monsterinsights_sitenote_category":0,"_bst_post_transparent":"","_bst_post_title":"","_bst_post_layout":"","_bst_post_sidebar_id":"","_bst_post_content_style":"","_bst_post_vertical_padding":"","_bst_post_feature":"","_bst_post_feature_position":"","_bst_post_header":false,"_bst_post_footer":false},"product_brand":[],"product_cat":[130,256],"product_tag":[],"product_brands":[],"class_list":{"0":"post-19833","1":"product","2":"type-product","3":"status-publish","4":"has-post-thumbnail","6":"product_cat-television","7":"product_cat-televisions-smart","9":"first","10":"instock","11":"shipping-taxable","12":"purchasable","13":"product-type-simple","14":"entry","15":"content-bg","16":"loop-entry"},"yoast_head":"<!-- This site is optimized with the Yoast SEO Premium plugin v19.7 (Yoast SEO v19.14) - https:\/\/yoast.com\/wordpress\/plugins\/seo\/ -->\n<title>TV Smart LG NanoCell - 55 pouces - 55NANO776RA - Anopri<\/title>\n<meta name=\"robots\" content=\"index, follow, max-snippet:-1, max-image-preview:large, max-video-preview:-1\" \/>\n<link rel=\"canonical\" href=\"https:\/\/www.anopri.com\/?product=tv-smart-lg-nanocell-55-pouces-55nano776ra\" \/>\n<meta property=\"og:locale\" content=\"fr_FR\" \/>\n<meta property=\"og:type\" content=\"article\" \/>\n<meta property=\"og:title\" content=\"TV Smart LG NanoCell - 55 pouces - 55NANO776RA\" \/>\n<meta property=\"og:description\" content=\"Type de produit : TV smart    Marque : LG    Mod\u00e8le : 55NANO776RA    Type d&#039;\u00e9cran : 4K UHD LED    Taux de rafra\u00eechissement : 50Hz natif    Sortie audio : 20W    R\u00e9solution de l&#039;\u00e9cran : 4K Ultra HD (3 840 x 2 160)    Syst\u00e8me de haut-parleurs : 2.0 canaux    Navigateur web complet : Oui    Reconnaissance vocale intelligente : Oui    Application de t\u00e9l\u00e9commande pour smartphone : Oui (LG ThinQ)\" \/>\n<meta property=\"og:url\" content=\"https:\/\/www.anopri.com\/?product=tv-smart-lg-nanocell-55-pouces-55nano776ra\" \/>\n<meta property=\"og:site_name\" content=\"Anopri\" \/>\n<meta property=\"article:publisher\" content=\"https:\/\/web.facebook.com\/profile.php?id=100080248592655\" \/>\n<meta property=\"article:modified_time\" content=\"2025-11-10T17:44:05+00:00\" \/>\n<meta property=\"og:image\" content=\"https:\/\/www.anopri.com\/wp-content\/uploads\/2025\/11\/1.1dis.jpg\" \/>\n\t<meta property=\"og:image:width\" content=\"1600\" \/>\n\t<meta property=\"og:image:height\" content=\"1062\" \/>\n\t<meta property=\"og:image:type\" content=\"image\/jpeg\" \/>\n<meta name=\"twitter:card\" content=\"summary_large_image\" \/>\n<meta name=\"twitter:label1\" content=\"Dur\u00e9e de lecture estim\u00e9e\" \/>\n\t<meta name=\"twitter:data1\" content=\"1 minute\" \/>\n<script type=\"application\/ld+json\" class=\"yoast-schema-graph\">{\"@context\":\"https:\/\/schema.org\",\"@graph\":[{\"@type\":\"WebPage\",\"@id\":\"https:\/\/www.anopri.com\/?product=tv-smart-lg-nanocell-55-pouces-55nano776ra\",\"url\":\"https:\/\/www.anopri.com\/?product=tv-smart-lg-nanocell-55-pouces-55nano776ra\",\"name\":\"TV Smart LG NanoCell - 55 pouces - 55NANO776RA - Anopri\",\"isPartOf\":{\"@id\":\"https:\/\/www.anopri.com\/#website\"},\"datePublished\":\"2025-11-10T17:39:54+00:00\",\"dateModified\":\"2025-11-10T17:44:05+00:00\",\"breadcrumb\":{\"@id\":\"https:\/\/www.anopri.com\/?product=tv-smart-lg-nanocell-55-pouces-55nano776ra#breadcrumb\"},\"inLanguage\":\"fr-FR\",\"potentialAction\":[{\"@type\":\"ReadAction\",\"target\":[\"https:\/\/www.anopri.com\/?product=tv-smart-lg-nanocell-55-pouces-55nano776ra\"]}]},{\"@type\":\"BreadcrumbList\",\"@id\":\"https:\/\/www.anopri.com\/?product=tv-smart-lg-nanocell-55-pouces-55nano776ra#breadcrumb\",\"itemListElement\":[{\"@type\":\"ListItem\",\"position\":1,\"name\":\"Home\",\"item\":\"https:\/\/www.anopri.com\/\"},{\"@type\":\"ListItem\",\"position\":2,\"name\":\"Shop\",\"item\":\"https:\/\/www.anopri.com\/?page_id=9\"},{\"@type\":\"ListItem\",\"position\":3,\"name\":\"TV Smart LG NanoCell &#8211; 55 pouces &#8211; 55NANO776RA\"}]},{\"@type\":\"WebSite\",\"@id\":\"https:\/\/www.anopri.com\/#website\",\"url\":\"https:\/\/www.anopri.com\/\",\"name\":\"Anopri\",\"description\":\"Le num\u00e9ro 1 du E-commerce au Cameroun\",\"publisher\":{\"@id\":\"https:\/\/www.anopri.com\/#organization\"},\"potentialAction\":[{\"@type\":\"SearchAction\",\"target\":{\"@type\":\"EntryPoint\",\"urlTemplate\":\"https:\/\/www.anopri.com\/?s={search_term_string}\"},\"query-input\":\"required name=search_term_string\"}],\"inLanguage\":\"fr-FR\"},{\"@type\":\"Organization\",\"@id\":\"https:\/\/www.anopri.com\/#organization\",\"name\":\"Anopri\",\"url\":\"https:\/\/www.anopri.com\/\",\"logo\":{\"@type\":\"ImageObject\",\"inLanguage\":\"fr-FR\",\"@id\":\"https:\/\/www.anopri.com\/#\/schema\/logo\/image\/\",\"url\":\"https:\/\/www.anopri.com\/wp-content\/uploads\/2021\/12\/logo_anopris-removebg-preview-pihrepl4a7wbf4ckedruxkg3fixsgydq3o170682d0.png\",\"contentUrl\":\"https:\/\/www.anopri.com\/wp-content\/uploads\/2021\/12\/logo_anopris-removebg-preview-pihrepl4a7wbf4ckedruxkg3fixsgydq3o170682d0.png\",\"width\":136,\"height\":50,\"caption\":\"Anopri\"},\"image\":{\"@id\":\"https:\/\/www.anopri.com\/#\/schema\/logo\/image\/\"},\"sameAs\":[\"https:\/\/web.facebook.com\/profile.php?id=100080248592655\"]}]}<\/script>\n<!-- \/ Yoast SEO Premium plugin. -->","yoast_head_json":{"title":"TV Smart LG NanoCell - 55 pouces - 55NANO776RA - Anopri","robots":{"index":"index","follow":"follow","max-snippet":"max-snippet:-1","max-image-preview":"max-image-preview:large","max-video-preview":"max-video-preview:-1"},"canonical":"https:\/\/www.anopri.com\/?product=tv-smart-lg-nanocell-55-pouces-55nano776ra","og_locale":"fr_FR","og_type":"article","og_title":"TV Smart LG NanoCell - 55 pouces - 55NANO776RA","og_description":"Type de produit : TV smart    Marque : LG    Mod\u00e8le : 55NANO776RA    Type d'\u00e9cran : 4K UHD LED    Taux de rafra\u00eechissement : 50Hz natif    Sortie audio : 20W    R\u00e9solution de l'\u00e9cran : 4K Ultra HD (3 840 x 2 160)    Syst\u00e8me de haut-parleurs : 2.0 canaux    Navigateur web complet : Oui    Reconnaissance vocale intelligente : Oui    Application de t\u00e9l\u00e9commande pour smartphone : Oui (LG ThinQ)","og_url":"https:\/\/www.anopri.com\/?product=tv-smart-lg-nanocell-55-pouces-55nano776ra","og_site_name":"Anopri","article_publisher":"https:\/\/web.facebook.com\/profile.php?id=100080248592655","article_modified_time":"2025-11-10T17:44:05+00:00","og_image":[{"width":1600,"height":1062,"url":"https:\/\/www.anopri.com\/wp-content\/uploads\/2025\/11\/1.1dis.jpg","type":"image\/jpeg"}],"twitter_card":"summary_large_image","twitter_misc":{"Dur\u00e9e de lecture estim\u00e9e":"1 minute"},"schema":{"@context":"https:\/\/schema.org","@graph":[{"@type":"WebPage","@id":"https:\/\/www.anopri.com\/?product=tv-smart-lg-nanocell-55-pouces-55nano776ra","url":"https:\/\/www.anopri.com\/?product=tv-smart-lg-nanocell-55-pouces-55nano776ra","name":"TV Smart LG NanoCell - 55 pouces - 55NANO776RA - Anopri","isPartOf":{"@id":"https:\/\/www.anopri.com\/#website"},"datePublished":"2025-11-10T17:39:54+00:00","dateModified":"2025-11-10T17:44:05+00:00","breadcrumb":{"@id":"https:\/\/www.anopri.com\/?product=tv-smart-lg-nanocell-55-pouces-55nano776ra#breadcrumb"},"inLanguage":"fr-FR","potentialAction":[{"@type":"ReadAction","target":["https:\/\/www.anopri.com\/?product=tv-smart-lg-nanocell-55-pouces-55nano776ra"]}]},{"@type":"BreadcrumbList","@id":"https:\/\/www.anopri.com\/?product=tv-smart-lg-nanocell-55-pouces-55nano776ra#breadcrumb","itemListElement":[{"@type":"ListItem","position":1,"name":"Home","item":"https:\/\/www.anopri.com\/"},{"@type":"ListItem","position":2,"name":"Shop","item":"https:\/\/www.anopri.com\/?page_id=9"},{"@type":"ListItem","position":3,"name":"TV Smart LG NanoCell &#8211; 55 pouces &#8211; 55NANO776RA"}]},{"@type":"WebSite","@id":"https:\/\/www.anopri.com\/#website","url":"https:\/\/www.anopri.com\/","name":"Anopri","description":"Le num\u00e9ro 1 du E-commerce au Cameroun","publisher":{"@id":"https:\/\/www.anopri.com\/#organization"},"potentialAction":[{"@type":"SearchAction","target":{"@type":"EntryPoint","urlTemplate":"https:\/\/www.anopri.com\/?s={search_term_string}"},"query-input":"required name=search_term_string"}],"inLanguage":"fr-FR"},{"@type":"Organization","@id":"https:\/\/www.anopri.com\/#organization","name":"Anopri","url":"https:\/\/www.anopri.com\/","logo":{"@type":"ImageObject","inLanguage":"fr-FR","@id":"https:\/\/www.anopri.com\/#\/schema\/logo\/image\/","url":"https:\/\/www.anopri.com\/wp-content\/uploads\/2021\/12\/logo_anopris-removebg-preview-pihrepl4a7wbf4ckedruxkg3fixsgydq3o170682d0.png","contentUrl":"https:\/\/www.anopri.com\/wp-content\/uploads\/2021\/12\/logo_anopris-removebg-preview-pihrepl4a7wbf4ckedruxkg3fixsgydq3o170682d0.png","width":136,"height":50,"caption":"Anopri"},"image":{"@id":"https:\/\/www.anopri.com\/#\/schema\/logo\/image\/"},"sameAs":["https:\/\/web.facebook.com\/profile.php?id=100080248592655"]}]}},"_links":{"self":[{"href":"https:\/\/www.anopri.com\/index.php?rest_route=\/wp\/v2\/product\/19833","targetHints":{"allow":["GET"]}}],"collection":[{"href":"https:\/\/www.anopri.com\/index.php?rest_route=\/wp\/v2\/product"}],"about":[{"href":"https:\/\/www.anopri.com\/index.php?rest_route=\/wp\/v2\/types\/product"}],"replies":[{"embeddable":true,"href":"https:\/\/www.anopri.com\/index.php?rest_route=%2Fwp%2Fv2%2Fcomments&post=19833"}],"version-history":[{"count":1,"href":"https:\/\/www.anopri.com\/index.php?rest_route=\/wp\/v2\/product\/19833\/revisions"}],"predecessor-version":[{"id":19839,"href":"https:\/\/www.anopri.com\/index.php?rest_route=\/wp\/v2\/product\/19833\/revisions\/19839"}],"wp:featuredmedia":[{"embeddable":true,"href":"https:\/\/www.anopri.com\/index.php?rest_route=\/wp\/v2\/media\/19837"}],"wp:attachment":[{"href":"https:\/\/www.anopri.com\/index.php?rest_route=%2Fwp%2Fv2%2Fmedia&parent=19833"}],"wp:term":[{"taxonomy":"product_brand","embeddable":true,"href":"https:\/\/www.anopri.com\/index.php?rest_route=%2Fwp%2Fv2%2Fproduct_brand&post=19833"},{"taxonomy":"product_cat","embeddable":true,"href":"https:\/\/www.anopri.com\/index.php?rest_route=%2Fwp%2Fv2%2Fproduct_cat&post=19833"},{"taxonomy":"product_tag","embeddable":true,"href":"https:\/\/www.anopri.com\/index.php?rest_route=%2Fwp%2Fv2%2Fproduct_tag&post=19833"},{"taxonomy":"product_brands","embeddable":true,"href":"https:\/\/www.anopri.com\/index.php?rest_route=%2Fwp%2Fv2%2Fproduct_brands&post=19833"}],"curies":[{"name":"wp","href":"https:\/\/api.w.org\/{rel}","templated":true}]}}