{"id":16980,"date":"2023-11-28T14:58:25","date_gmt":"2023-11-28T13:58:25","guid":{"rendered":"https:\/\/www.anopri.com\/?post_type=product&#038;p=16980"},"modified":"2023-12-01T12:51:56","modified_gmt":"2023-12-01T11:51:56","slug":"the-long-hai-pour-reduire-lhypertension-et-la-glycemie","status":"publish","type":"product","link":"https:\/\/www.anopri.com\/?product=the-long-hai-pour-reduire-lhypertension-et-la-glycemie","title":{"rendered":"Th\u00e9 Long Hai pour r\u00e9duire l&rsquo;hypertension et la glyc\u00e9mie"},"content":{"rendered":"<p>Le th\u00e9 contre l&rsquo;hypertension est un moyen efficace de contr\u00f4ler, r\u00e9guler et \u00e9quilibrer la glyc\u00e9mie chez les diab\u00e9tiques, tout en am\u00e9liorant le bien-\u00eatre cardiovasculaire et les bienfaits anti-\u00e2ge.<br \/>\nPour garantir la qualit\u00e9, l&rsquo;ancienne technologie de traitement du th\u00e9 est combin\u00e9e \u00e0 la technologie moderne d&rsquo;extraction de fluides supercritiques de la phytoth\u00e9rapie chinoise, pour produire ce th\u00e9 pour diab\u00e9tiques hautement efficace et \u00e9prouv\u00e9.<br \/>\nAvantages pour la sant\u00e9<br \/>\nPermet une d\u00e9fense efficace du pancr\u00e9as, active les cellules des \u00eelots, am\u00e9liore la fonction des \u00eelots,<br \/>\nAm\u00e9liorer la s\u00e9cr\u00e9tion d&rsquo;insuline,<br \/>\nPromouvoir l&rsquo;utilisation du glucose,<br \/>\nRamollir les vaisseaux sanguins ; favorise la circulation du sang \u00e0 travers le c\u0153ur et le cerveau,<br \/>\nAnti-oxydant, r\u00e9siste aux radicaux libres ; Anti-inflammatoire,<br \/>\nPr\u00e9venir les probl\u00e8mes cardiaques ; Accident vasculaire c\u00e9r\u00e9bral, thrombus c\u00e9r\u00e9bral, am\u00e9liore la concentration mentale et la m\u00e9moire,<br \/>\nRenforce les Reins, tonifie la Rate,<br \/>\nNourrir les poumons,<br \/>\nAide \u00e0 r\u00e9duire les lipides sanguins et le cholest\u00e9rol, \u00e0 abaisser la tension art\u00e9rielle et \u00e0 contr\u00f4ler\u00a0l&rsquo;ob\u00e9sit\u00e9<\/p>\n","protected":false},"excerpt":{"rendered":"<p>Ingr\u00e9dients; Seuls les ingr\u00e9dients de la meilleure qualit\u00e9 entrent dans les sachets de th\u00e9 et comprennent<br \/>\n1 &#8211; Shennongjia Cyclocarya Paliurus (comme mat\u00e9riau principal)<br \/>\n2 &#8211; Plante m\u00e9dicinale de phoque<br \/>\n3 &#8211; Graine de Cassia<br \/>\n4 &#8211; Th\u00e9 vert<br \/>\n5 &#8211; Igname chinoise<\/p>\n","protected":false},"featured_media":16982,"comment_status":"open","ping_status":"closed","template":"","meta":{"_monsterinsights_skip_tracking":false,"_monsterinsights_sitenote_active":false,"_monsterinsights_sitenote_note":"","_monsterinsights_sitenote_category":0,"_bst_post_transparent":"","_bst_post_title":"","_bst_post_layout":"","_bst_post_sidebar_id":"","_bst_post_content_style":"","_bst_post_vertical_padding":"","_bst_post_feature":"","_bst_post_feature_position":"","_bst_post_header":false,"_bst_post_footer":false},"product_brand":[],"product_cat":[320,280],"product_tag":[],"product_brands":[],"class_list":{"0":"post-16980","1":"product","2":"type-product","3":"status-publish","4":"has-post-thumbnail","6":"product_cat-soldes","7":"product_cat-univers-sante-beaute","9":"first","10":"instock","11":"shipping-taxable","12":"purchasable","13":"product-type-simple","14":"entry","15":"content-bg","16":"loop-entry"},"yoast_head":"<!-- This site is optimized with the Yoast SEO Premium plugin v19.7 (Yoast SEO v19.14) - https:\/\/yoast.com\/wordpress\/plugins\/seo\/ -->\n<title>Th\u00e9 Long Hai pour r\u00e9duire l&#039;hypertension et la glyc\u00e9mie - Anopri<\/title>\n<meta name=\"robots\" content=\"index, follow, max-snippet:-1, max-image-preview:large, max-video-preview:-1\" \/>\n<link rel=\"canonical\" href=\"https:\/\/www.anopri.com\/?product=the-long-hai-pour-reduire-lhypertension-et-la-glycemie\" \/>\n<meta property=\"og:locale\" content=\"fr_FR\" \/>\n<meta property=\"og:type\" content=\"article\" \/>\n<meta property=\"og:title\" content=\"Th\u00e9 Long Hai pour r\u00e9duire l&#039;hypertension et la glyc\u00e9mie\" \/>\n<meta property=\"og:description\" content=\"Ingr\u00e9dients; Seuls les ingr\u00e9dients de la meilleure qualit\u00e9 entrent dans les sachets de th\u00e9 et comprennent 1 - Shennongjia Cyclocarya Paliurus (comme mat\u00e9riau principal) 2 - Plante m\u00e9dicinale de phoque 3 - Graine de Cassia 4 - Th\u00e9 vert 5 - Igname chinoise\" \/>\n<meta property=\"og:url\" content=\"https:\/\/www.anopri.com\/?product=the-long-hai-pour-reduire-lhypertension-et-la-glycemie\" \/>\n<meta property=\"og:site_name\" content=\"Anopri\" \/>\n<meta property=\"article:publisher\" content=\"https:\/\/web.facebook.com\/profile.php?id=100080248592655\" \/>\n<meta property=\"article:modified_time\" content=\"2023-12-01T11:51:56+00:00\" \/>\n<meta property=\"og:image\" content=\"https:\/\/www.anopri.com\/wp-content\/uploads\/2023\/11\/WhatsApp-Image-2023-11-28-a-14.33.23_9dc2f00f.jpg\" \/>\n\t<meta property=\"og:image:width\" content=\"1020\" \/>\n\t<meta property=\"og:image:height\" content=\"765\" \/>\n\t<meta property=\"og:image:type\" content=\"image\/jpeg\" \/>\n<meta name=\"twitter:card\" content=\"summary_large_image\" \/>\n<meta name=\"twitter:label1\" content=\"Dur\u00e9e de lecture estim\u00e9e\" \/>\n\t<meta name=\"twitter:data1\" content=\"1 minute\" \/>\n<script type=\"application\/ld+json\" class=\"yoast-schema-graph\">{\"@context\":\"https:\/\/schema.org\",\"@graph\":[{\"@type\":\"WebPage\",\"@id\":\"https:\/\/www.anopri.com\/?product=the-long-hai-pour-reduire-lhypertension-et-la-glycemie\",\"url\":\"https:\/\/www.anopri.com\/?product=the-long-hai-pour-reduire-lhypertension-et-la-glycemie\",\"name\":\"Th\u00e9 Long Hai pour r\u00e9duire l'hypertension et la glyc\u00e9mie - Anopri\",\"isPartOf\":{\"@id\":\"https:\/\/www.anopri.com\/#website\"},\"datePublished\":\"2023-11-28T13:58:25+00:00\",\"dateModified\":\"2023-12-01T11:51:56+00:00\",\"breadcrumb\":{\"@id\":\"https:\/\/www.anopri.com\/?product=the-long-hai-pour-reduire-lhypertension-et-la-glycemie#breadcrumb\"},\"inLanguage\":\"fr-FR\",\"potentialAction\":[{\"@type\":\"ReadAction\",\"target\":[\"https:\/\/www.anopri.com\/?product=the-long-hai-pour-reduire-lhypertension-et-la-glycemie\"]}]},{\"@type\":\"BreadcrumbList\",\"@id\":\"https:\/\/www.anopri.com\/?product=the-long-hai-pour-reduire-lhypertension-et-la-glycemie#breadcrumb\",\"itemListElement\":[{\"@type\":\"ListItem\",\"position\":1,\"name\":\"Home\",\"item\":\"https:\/\/www.anopri.com\/\"},{\"@type\":\"ListItem\",\"position\":2,\"name\":\"Shop\",\"item\":\"https:\/\/www.anopri.com\/?page_id=9\"},{\"@type\":\"ListItem\",\"position\":3,\"name\":\"Th\u00e9 Long Hai pour r\u00e9duire l&#8217;hypertension et la glyc\u00e9mie\"}]},{\"@type\":\"WebSite\",\"@id\":\"https:\/\/www.anopri.com\/#website\",\"url\":\"https:\/\/www.anopri.com\/\",\"name\":\"Anopri\",\"description\":\"Le num\u00e9ro 1 du E-commerce au Cameroun\",\"publisher\":{\"@id\":\"https:\/\/www.anopri.com\/#organization\"},\"potentialAction\":[{\"@type\":\"SearchAction\",\"target\":{\"@type\":\"EntryPoint\",\"urlTemplate\":\"https:\/\/www.anopri.com\/?s={search_term_string}\"},\"query-input\":\"required name=search_term_string\"}],\"inLanguage\":\"fr-FR\"},{\"@type\":\"Organization\",\"@id\":\"https:\/\/www.anopri.com\/#organization\",\"name\":\"Anopri\",\"url\":\"https:\/\/www.anopri.com\/\",\"logo\":{\"@type\":\"ImageObject\",\"inLanguage\":\"fr-FR\",\"@id\":\"https:\/\/www.anopri.com\/#\/schema\/logo\/image\/\",\"url\":\"https:\/\/www.anopri.com\/wp-content\/uploads\/2021\/12\/logo_anopris-removebg-preview-pihrepl4a7wbf4ckedruxkg3fixsgydq3o170682d0.png\",\"contentUrl\":\"https:\/\/www.anopri.com\/wp-content\/uploads\/2021\/12\/logo_anopris-removebg-preview-pihrepl4a7wbf4ckedruxkg3fixsgydq3o170682d0.png\",\"width\":136,\"height\":50,\"caption\":\"Anopri\"},\"image\":{\"@id\":\"https:\/\/www.anopri.com\/#\/schema\/logo\/image\/\"},\"sameAs\":[\"https:\/\/web.facebook.com\/profile.php?id=100080248592655\"]}]}<\/script>\n<!-- \/ Yoast SEO Premium plugin. -->","yoast_head_json":{"title":"Th\u00e9 Long Hai pour r\u00e9duire l'hypertension et la glyc\u00e9mie - Anopri","robots":{"index":"index","follow":"follow","max-snippet":"max-snippet:-1","max-image-preview":"max-image-preview:large","max-video-preview":"max-video-preview:-1"},"canonical":"https:\/\/www.anopri.com\/?product=the-long-hai-pour-reduire-lhypertension-et-la-glycemie","og_locale":"fr_FR","og_type":"article","og_title":"Th\u00e9 Long Hai pour r\u00e9duire l'hypertension et la glyc\u00e9mie","og_description":"Ingr\u00e9dients; Seuls les ingr\u00e9dients de la meilleure qualit\u00e9 entrent dans les sachets de th\u00e9 et comprennent 1 - Shennongjia Cyclocarya Paliurus (comme mat\u00e9riau principal) 2 - Plante m\u00e9dicinale de phoque 3 - Graine de Cassia 4 - Th\u00e9 vert 5 - Igname chinoise","og_url":"https:\/\/www.anopri.com\/?product=the-long-hai-pour-reduire-lhypertension-et-la-glycemie","og_site_name":"Anopri","article_publisher":"https:\/\/web.facebook.com\/profile.php?id=100080248592655","article_modified_time":"2023-12-01T11:51:56+00:00","og_image":[{"width":1020,"height":765,"url":"https:\/\/www.anopri.com\/wp-content\/uploads\/2023\/11\/WhatsApp-Image-2023-11-28-a-14.33.23_9dc2f00f.jpg","type":"image\/jpeg"}],"twitter_card":"summary_large_image","twitter_misc":{"Dur\u00e9e de lecture estim\u00e9e":"1 minute"},"schema":{"@context":"https:\/\/schema.org","@graph":[{"@type":"WebPage","@id":"https:\/\/www.anopri.com\/?product=the-long-hai-pour-reduire-lhypertension-et-la-glycemie","url":"https:\/\/www.anopri.com\/?product=the-long-hai-pour-reduire-lhypertension-et-la-glycemie","name":"Th\u00e9 Long Hai pour r\u00e9duire l'hypertension et la glyc\u00e9mie - Anopri","isPartOf":{"@id":"https:\/\/www.anopri.com\/#website"},"datePublished":"2023-11-28T13:58:25+00:00","dateModified":"2023-12-01T11:51:56+00:00","breadcrumb":{"@id":"https:\/\/www.anopri.com\/?product=the-long-hai-pour-reduire-lhypertension-et-la-glycemie#breadcrumb"},"inLanguage":"fr-FR","potentialAction":[{"@type":"ReadAction","target":["https:\/\/www.anopri.com\/?product=the-long-hai-pour-reduire-lhypertension-et-la-glycemie"]}]},{"@type":"BreadcrumbList","@id":"https:\/\/www.anopri.com\/?product=the-long-hai-pour-reduire-lhypertension-et-la-glycemie#breadcrumb","itemListElement":[{"@type":"ListItem","position":1,"name":"Home","item":"https:\/\/www.anopri.com\/"},{"@type":"ListItem","position":2,"name":"Shop","item":"https:\/\/www.anopri.com\/?page_id=9"},{"@type":"ListItem","position":3,"name":"Th\u00e9 Long Hai pour r\u00e9duire l&#8217;hypertension et la glyc\u00e9mie"}]},{"@type":"WebSite","@id":"https:\/\/www.anopri.com\/#website","url":"https:\/\/www.anopri.com\/","name":"Anopri","description":"Le num\u00e9ro 1 du E-commerce au Cameroun","publisher":{"@id":"https:\/\/www.anopri.com\/#organization"},"potentialAction":[{"@type":"SearchAction","target":{"@type":"EntryPoint","urlTemplate":"https:\/\/www.anopri.com\/?s={search_term_string}"},"query-input":"required name=search_term_string"}],"inLanguage":"fr-FR"},{"@type":"Organization","@id":"https:\/\/www.anopri.com\/#organization","name":"Anopri","url":"https:\/\/www.anopri.com\/","logo":{"@type":"ImageObject","inLanguage":"fr-FR","@id":"https:\/\/www.anopri.com\/#\/schema\/logo\/image\/","url":"https:\/\/www.anopri.com\/wp-content\/uploads\/2021\/12\/logo_anopris-removebg-preview-pihrepl4a7wbf4ckedruxkg3fixsgydq3o170682d0.png","contentUrl":"https:\/\/www.anopri.com\/wp-content\/uploads\/2021\/12\/logo_anopris-removebg-preview-pihrepl4a7wbf4ckedruxkg3fixsgydq3o170682d0.png","width":136,"height":50,"caption":"Anopri"},"image":{"@id":"https:\/\/www.anopri.com\/#\/schema\/logo\/image\/"},"sameAs":["https:\/\/web.facebook.com\/profile.php?id=100080248592655"]}]}},"_links":{"self":[{"href":"https:\/\/www.anopri.com\/index.php?rest_route=\/wp\/v2\/product\/16980","targetHints":{"allow":["GET"]}}],"collection":[{"href":"https:\/\/www.anopri.com\/index.php?rest_route=\/wp\/v2\/product"}],"about":[{"href":"https:\/\/www.anopri.com\/index.php?rest_route=\/wp\/v2\/types\/product"}],"replies":[{"embeddable":true,"href":"https:\/\/www.anopri.com\/index.php?rest_route=%2Fwp%2Fv2%2Fcomments&post=16980"}],"version-history":[{"count":2,"href":"https:\/\/www.anopri.com\/index.php?rest_route=\/wp\/v2\/product\/16980\/revisions"}],"predecessor-version":[{"id":16984,"href":"https:\/\/www.anopri.com\/index.php?rest_route=\/wp\/v2\/product\/16980\/revisions\/16984"}],"wp:featuredmedia":[{"embeddable":true,"href":"https:\/\/www.anopri.com\/index.php?rest_route=\/wp\/v2\/media\/16982"}],"wp:attachment":[{"href":"https:\/\/www.anopri.com\/index.php?rest_route=%2Fwp%2Fv2%2Fmedia&parent=16980"}],"wp:term":[{"taxonomy":"product_brand","embeddable":true,"href":"https:\/\/www.anopri.com\/index.php?rest_route=%2Fwp%2Fv2%2Fproduct_brand&post=16980"},{"taxonomy":"product_cat","embeddable":true,"href":"https:\/\/www.anopri.com\/index.php?rest_route=%2Fwp%2Fv2%2Fproduct_cat&post=16980"},{"taxonomy":"product_tag","embeddable":true,"href":"https:\/\/www.anopri.com\/index.php?rest_route=%2Fwp%2Fv2%2Fproduct_tag&post=16980"},{"taxonomy":"product_brands","embeddable":true,"href":"https:\/\/www.anopri.com\/index.php?rest_route=%2Fwp%2Fv2%2Fproduct_brands&post=16980"}],"curies":[{"name":"wp","href":"https:\/\/api.w.org\/{rel}","templated":true}]}}