{"id":11880,"date":"2022-11-05T05:33:27","date_gmt":"2022-11-05T04:33:27","guid":{"rendered":"https:\/\/www.anopri.com\/?product=plastifieuse-a-froid-fs-300la-tensionac-220v-50hz-60"},"modified":"2023-04-22T23:00:38","modified_gmt":"2023-04-22T21:00:38","slug":"plastifieuse-a-froid-fs-300la-tensionac-220v-50hz-60","status":"publish","type":"product","link":"https:\/\/www.anopri.com\/?product=plastifieuse-a-froid-fs-300la-tensionac-220v-50hz-60","title":{"rendered":"Plastifieuse \u00e0 froid- FS-300La tensionAC :220V\/50HZ\u00a0 60"},"content":{"rendered":"<div>Avec ses300 mm , chaleur d&rsquo;impulsion et l&rsquo;\u00e9tanch\u00e9it\u00e9 et du joint cette\u00a0 machine\u00a0 embale sans efforts les sacs plastique. Afin de maintenir la qualit\u00e9 du produit et \u00e9viter les pertes.\u00a0 il peut \u00eatre utilis\u00e9 pour sceller Tellement de produits. le temps de chauffage est tr\u00e8s court et vous permet d&rsquo;\u00e9conomiser plus d&rsquo;\u00e9nergie.<\/div>\n<div>Plus de pr\u00e9cision avec contr\u00f4le \u00e9lectronique .<\/div>\n<div><\/div>\n","protected":false},"excerpt":{"rendered":"<div><strong>Sp\u00e9cifications:<\/strong><\/div>\n<div>Source: 220\/240V 50\/60 Hz<\/div>\n<div>Largeur d&rsquo;\u00e9tanch\u00e9it\u00e9: 300mmx3mm<\/div>\n<div>Mod\u00e8le :\u00a0 \u00a0FS-300La tensionAC :220V\/50HZ\u00a0 60<\/div>\n","protected":false},"featured_media":13514,"comment_status":"closed","ping_status":"closed","template":"","meta":{"_monsterinsights_skip_tracking":false,"_monsterinsights_sitenote_active":false,"_monsterinsights_sitenote_note":"","_monsterinsights_sitenote_category":0,"_bst_post_transparent":"","_bst_post_title":"","_bst_post_layout":"","_bst_post_sidebar_id":"","_bst_post_content_style":"","_bst_post_vertical_padding":"","_bst_post_feature":"","_bst_post_feature_position":"","_bst_post_header":false,"_bst_post_footer":false},"product_brand":[],"product_cat":[242],"product_tag":[],"product_brands":[],"class_list":{"0":"post-11880","1":"product","2":"type-product","3":"status-publish","4":"has-post-thumbnail","6":"product_cat-outillages-et-petits-materiels-a-main","8":"first","9":"instock","10":"purchasable","11":"product-type-simple","12":"entry","13":"content-bg","14":"loop-entry"},"yoast_head":"<!-- This site is optimized with the Yoast SEO Premium plugin v19.7 (Yoast SEO v19.14) - https:\/\/yoast.com\/wordpress\/plugins\/seo\/ -->\n<title>Plastifieuse \u00e0 froid- FS-300La tensionAC :220V\/50HZ\u00a0 60 - Anopri<\/title>\n<meta name=\"robots\" content=\"index, follow, max-snippet:-1, max-image-preview:large, max-video-preview:-1\" \/>\n<link rel=\"canonical\" href=\"https:\/\/www.anopri.com\/?product=plastifieuse-a-froid-fs-300la-tensionac-220v-50hz-60\" \/>\n<meta property=\"og:locale\" content=\"fr_FR\" \/>\n<meta property=\"og:type\" content=\"article\" \/>\n<meta property=\"og:title\" content=\"Plastifieuse \u00e0 froid- FS-300La tensionAC :220V\/50HZ\u00a0 60\" \/>\n<meta property=\"og:description\" content=\"Sp\u00e9cifications: Source: 220\/240V 50\/60 Hz Largeur d&#039;\u00e9tanch\u00e9it\u00e9: 300mmx3mm Mod\u00e8le :\u00a0 \u00a0FS-300La tensionAC :220V\/50HZ\u00a0 60\" \/>\n<meta property=\"og:url\" content=\"https:\/\/www.anopri.com\/?product=plastifieuse-a-froid-fs-300la-tensionac-220v-50hz-60\" \/>\n<meta property=\"og:site_name\" content=\"Anopri\" \/>\n<meta property=\"article:publisher\" content=\"https:\/\/web.facebook.com\/profile.php?id=100080248592655\" \/>\n<meta property=\"article:modified_time\" content=\"2023-04-22T21:00:38+00:00\" \/>\n<meta property=\"og:image\" content=\"https:\/\/www.anopri.com\/wp-content\/uploads\/2022\/11\/WhatsApp-Image-2021-05-04-at-12.41.51-PM-150x150-1.jpeg\" \/>\n\t<meta property=\"og:image:width\" content=\"150\" \/>\n\t<meta property=\"og:image:height\" content=\"150\" \/>\n\t<meta property=\"og:image:type\" content=\"image\/jpeg\" \/>\n<meta name=\"twitter:card\" content=\"summary_large_image\" \/>\n<script type=\"application\/ld+json\" class=\"yoast-schema-graph\">{\"@context\":\"https:\/\/schema.org\",\"@graph\":[{\"@type\":\"WebPage\",\"@id\":\"https:\/\/www.anopri.com\/?product=plastifieuse-a-froid-fs-300la-tensionac-220v-50hz-60\",\"url\":\"https:\/\/www.anopri.com\/?product=plastifieuse-a-froid-fs-300la-tensionac-220v-50hz-60\",\"name\":\"Plastifieuse \u00e0 froid- FS-300La tensionAC :220V\/50HZ\u00a0 60 - Anopri\",\"isPartOf\":{\"@id\":\"https:\/\/www.anopri.com\/#website\"},\"datePublished\":\"2022-11-05T04:33:27+00:00\",\"dateModified\":\"2023-04-22T21:00:38+00:00\",\"breadcrumb\":{\"@id\":\"https:\/\/www.anopri.com\/?product=plastifieuse-a-froid-fs-300la-tensionac-220v-50hz-60#breadcrumb\"},\"inLanguage\":\"fr-FR\",\"potentialAction\":[{\"@type\":\"ReadAction\",\"target\":[\"https:\/\/www.anopri.com\/?product=plastifieuse-a-froid-fs-300la-tensionac-220v-50hz-60\"]}]},{\"@type\":\"BreadcrumbList\",\"@id\":\"https:\/\/www.anopri.com\/?product=plastifieuse-a-froid-fs-300la-tensionac-220v-50hz-60#breadcrumb\",\"itemListElement\":[{\"@type\":\"ListItem\",\"position\":1,\"name\":\"Home\",\"item\":\"https:\/\/www.anopri.com\/\"},{\"@type\":\"ListItem\",\"position\":2,\"name\":\"Shop\",\"item\":\"https:\/\/www.anopri.com\/?page_id=9\"},{\"@type\":\"ListItem\",\"position\":3,\"name\":\"Plastifieuse \u00e0 froid- FS-300La tensionAC :220V\/50HZ\u00a0 60\"}]},{\"@type\":\"WebSite\",\"@id\":\"https:\/\/www.anopri.com\/#website\",\"url\":\"https:\/\/www.anopri.com\/\",\"name\":\"Anopri\",\"description\":\"Le num\u00e9ro 1 du E-commerce au Cameroun\",\"publisher\":{\"@id\":\"https:\/\/www.anopri.com\/#organization\"},\"potentialAction\":[{\"@type\":\"SearchAction\",\"target\":{\"@type\":\"EntryPoint\",\"urlTemplate\":\"https:\/\/www.anopri.com\/?s={search_term_string}\"},\"query-input\":\"required name=search_term_string\"}],\"inLanguage\":\"fr-FR\"},{\"@type\":\"Organization\",\"@id\":\"https:\/\/www.anopri.com\/#organization\",\"name\":\"Anopri\",\"url\":\"https:\/\/www.anopri.com\/\",\"logo\":{\"@type\":\"ImageObject\",\"inLanguage\":\"fr-FR\",\"@id\":\"https:\/\/www.anopri.com\/#\/schema\/logo\/image\/\",\"url\":\"https:\/\/www.anopri.com\/wp-content\/uploads\/2021\/12\/logo_anopris-removebg-preview-pihrepl4a7wbf4ckedruxkg3fixsgydq3o170682d0.png\",\"contentUrl\":\"https:\/\/www.anopri.com\/wp-content\/uploads\/2021\/12\/logo_anopris-removebg-preview-pihrepl4a7wbf4ckedruxkg3fixsgydq3o170682d0.png\",\"width\":136,\"height\":50,\"caption\":\"Anopri\"},\"image\":{\"@id\":\"https:\/\/www.anopri.com\/#\/schema\/logo\/image\/\"},\"sameAs\":[\"https:\/\/web.facebook.com\/profile.php?id=100080248592655\"]}]}<\/script>\n<!-- \/ Yoast SEO Premium plugin. -->","yoast_head_json":{"title":"Plastifieuse \u00e0 froid- FS-300La tensionAC :220V\/50HZ\u00a0 60 - Anopri","robots":{"index":"index","follow":"follow","max-snippet":"max-snippet:-1","max-image-preview":"max-image-preview:large","max-video-preview":"max-video-preview:-1"},"canonical":"https:\/\/www.anopri.com\/?product=plastifieuse-a-froid-fs-300la-tensionac-220v-50hz-60","og_locale":"fr_FR","og_type":"article","og_title":"Plastifieuse \u00e0 froid- FS-300La tensionAC :220V\/50HZ\u00a0 60","og_description":"Sp\u00e9cifications: Source: 220\/240V 50\/60 Hz Largeur d'\u00e9tanch\u00e9it\u00e9: 300mmx3mm Mod\u00e8le :\u00a0 \u00a0FS-300La tensionAC :220V\/50HZ\u00a0 60","og_url":"https:\/\/www.anopri.com\/?product=plastifieuse-a-froid-fs-300la-tensionac-220v-50hz-60","og_site_name":"Anopri","article_publisher":"https:\/\/web.facebook.com\/profile.php?id=100080248592655","article_modified_time":"2023-04-22T21:00:38+00:00","og_image":[{"width":150,"height":150,"url":"https:\/\/www.anopri.com\/wp-content\/uploads\/2022\/11\/WhatsApp-Image-2021-05-04-at-12.41.51-PM-150x150-1.jpeg","type":"image\/jpeg"}],"twitter_card":"summary_large_image","schema":{"@context":"https:\/\/schema.org","@graph":[{"@type":"WebPage","@id":"https:\/\/www.anopri.com\/?product=plastifieuse-a-froid-fs-300la-tensionac-220v-50hz-60","url":"https:\/\/www.anopri.com\/?product=plastifieuse-a-froid-fs-300la-tensionac-220v-50hz-60","name":"Plastifieuse \u00e0 froid- FS-300La tensionAC :220V\/50HZ\u00a0 60 - Anopri","isPartOf":{"@id":"https:\/\/www.anopri.com\/#website"},"datePublished":"2022-11-05T04:33:27+00:00","dateModified":"2023-04-22T21:00:38+00:00","breadcrumb":{"@id":"https:\/\/www.anopri.com\/?product=plastifieuse-a-froid-fs-300la-tensionac-220v-50hz-60#breadcrumb"},"inLanguage":"fr-FR","potentialAction":[{"@type":"ReadAction","target":["https:\/\/www.anopri.com\/?product=plastifieuse-a-froid-fs-300la-tensionac-220v-50hz-60"]}]},{"@type":"BreadcrumbList","@id":"https:\/\/www.anopri.com\/?product=plastifieuse-a-froid-fs-300la-tensionac-220v-50hz-60#breadcrumb","itemListElement":[{"@type":"ListItem","position":1,"name":"Home","item":"https:\/\/www.anopri.com\/"},{"@type":"ListItem","position":2,"name":"Shop","item":"https:\/\/www.anopri.com\/?page_id=9"},{"@type":"ListItem","position":3,"name":"Plastifieuse \u00e0 froid- FS-300La tensionAC :220V\/50HZ\u00a0 60"}]},{"@type":"WebSite","@id":"https:\/\/www.anopri.com\/#website","url":"https:\/\/www.anopri.com\/","name":"Anopri","description":"Le num\u00e9ro 1 du E-commerce au Cameroun","publisher":{"@id":"https:\/\/www.anopri.com\/#organization"},"potentialAction":[{"@type":"SearchAction","target":{"@type":"EntryPoint","urlTemplate":"https:\/\/www.anopri.com\/?s={search_term_string}"},"query-input":"required name=search_term_string"}],"inLanguage":"fr-FR"},{"@type":"Organization","@id":"https:\/\/www.anopri.com\/#organization","name":"Anopri","url":"https:\/\/www.anopri.com\/","logo":{"@type":"ImageObject","inLanguage":"fr-FR","@id":"https:\/\/www.anopri.com\/#\/schema\/logo\/image\/","url":"https:\/\/www.anopri.com\/wp-content\/uploads\/2021\/12\/logo_anopris-removebg-preview-pihrepl4a7wbf4ckedruxkg3fixsgydq3o170682d0.png","contentUrl":"https:\/\/www.anopri.com\/wp-content\/uploads\/2021\/12\/logo_anopris-removebg-preview-pihrepl4a7wbf4ckedruxkg3fixsgydq3o170682d0.png","width":136,"height":50,"caption":"Anopri"},"image":{"@id":"https:\/\/www.anopri.com\/#\/schema\/logo\/image\/"},"sameAs":["https:\/\/web.facebook.com\/profile.php?id=100080248592655"]}]}},"_links":{"self":[{"href":"https:\/\/www.anopri.com\/index.php?rest_route=\/wp\/v2\/product\/11880","targetHints":{"allow":["GET"]}}],"collection":[{"href":"https:\/\/www.anopri.com\/index.php?rest_route=\/wp\/v2\/product"}],"about":[{"href":"https:\/\/www.anopri.com\/index.php?rest_route=\/wp\/v2\/types\/product"}],"replies":[{"embeddable":true,"href":"https:\/\/www.anopri.com\/index.php?rest_route=%2Fwp%2Fv2%2Fcomments&post=11880"}],"version-history":[{"count":1,"href":"https:\/\/www.anopri.com\/index.php?rest_route=\/wp\/v2\/product\/11880\/revisions"}],"predecessor-version":[{"id":13515,"href":"https:\/\/www.anopri.com\/index.php?rest_route=\/wp\/v2\/product\/11880\/revisions\/13515"}],"wp:featuredmedia":[{"embeddable":true,"href":"https:\/\/www.anopri.com\/index.php?rest_route=\/wp\/v2\/media\/13514"}],"wp:attachment":[{"href":"https:\/\/www.anopri.com\/index.php?rest_route=%2Fwp%2Fv2%2Fmedia&parent=11880"}],"wp:term":[{"taxonomy":"product_brand","embeddable":true,"href":"https:\/\/www.anopri.com\/index.php?rest_route=%2Fwp%2Fv2%2Fproduct_brand&post=11880"},{"taxonomy":"product_cat","embeddable":true,"href":"https:\/\/www.anopri.com\/index.php?rest_route=%2Fwp%2Fv2%2Fproduct_cat&post=11880"},{"taxonomy":"product_tag","embeddable":true,"href":"https:\/\/www.anopri.com\/index.php?rest_route=%2Fwp%2Fv2%2Fproduct_tag&post=11880"},{"taxonomy":"product_brands","embeddable":true,"href":"https:\/\/www.anopri.com\/index.php?rest_route=%2Fwp%2Fv2%2Fproduct_brands&post=11880"}],"curies":[{"name":"wp","href":"https:\/\/api.w.org\/{rel}","templated":true}]}}